{"id":10277,"date":"2020-01-04T03:08:28","date_gmt":"2020-01-04T02:08:28","guid":{"rendered":"https:\/\/prssu.ch\/prssu\/?page_id=10277"},"modified":"2020-01-04T03:16:02","modified_gmt":"2020-01-04T02:16:02","slug":"2020-baezelistagschiessen","status":"publish","type":"page","link":"https:\/\/prssu.ch\/prssu\/bildgalerien\/2020-baezelistagschiessen\/","title":{"rendered":"2020 B\u00e4zelistagschiessen"},"content":{"rendered":"ngg_shortcode_0_placeholder\n","protected":false},"excerpt":{"rendered":"","protected":false},"author":1,"featured_media":0,"parent":146,"menu_order":0,"comment_status":"closed","ping_status":"closed","template":"","meta":{"ngg_post_thumbnail":0,"footnotes":""},"categories":[51],"tags":[89,87],"class_list":["post-10277","page","type-page","status-publish","hentry","category-fotos","tag-baerzelistagschiessen","tag-fotos"],"yoast_head":"<!-- This site is optimized with the Yoast SEO plugin v27.3 - https:\/\/yoast.com\/product\/yoast-seo-wordpress\/ -->\n<title>2020 B\u00e4zelistagschiessen - PRSSU<\/title>\n<meta name=\"robots\" content=\"index, follow, max-snippet:-1, max-image-preview:large, max-video-preview:-1\" \/>\n<link rel=\"canonical\" href=\"https:\/\/prssu.ch\/prssu\/bildgalerien\/2020-baezelistagschiessen\/\" \/>\n<meta property=\"og:locale\" content=\"de_DE\" \/>\n<meta property=\"og:type\" content=\"article\" \/>\n<meta property=\"og:title\" content=\"2020 B\u00e4zelistagschiessen - PRSSU\" \/>\n<meta property=\"og:url\" content=\"https:\/\/prssu.ch\/prssu\/bildgalerien\/2020-baezelistagschiessen\/\" \/>\n<meta property=\"og:site_name\" content=\"PRSSU\" \/>\n<meta property=\"article:modified_time\" content=\"2020-01-04T02:16:02+00:00\" \/>\n<meta name=\"twitter:card\" content=\"summary_large_image\" \/>\n<script type=\"application\/ld+json\" class=\"yoast-schema-graph\">{\"@context\":\"https:\\\/\\\/schema.org\",\"@graph\":[{\"@type\":\"WebPage\",\"@id\":\"https:\\\/\\\/prssu.ch\\\/prssu\\\/bildgalerien\\\/2020-baezelistagschiessen\\\/\",\"url\":\"https:\\\/\\\/prssu.ch\\\/prssu\\\/bildgalerien\\\/2020-baezelistagschiessen\\\/\",\"name\":\"2020 B\u00e4zelistagschiessen - PRSSU\",\"isPartOf\":{\"@id\":\"https:\\\/\\\/prssu.ch\\\/prssu\\\/#website\"},\"datePublished\":\"2020-01-04T02:08:28+00:00\",\"dateModified\":\"2020-01-04T02:16:02+00:00\",\"breadcrumb\":{\"@id\":\"https:\\\/\\\/prssu.ch\\\/prssu\\\/bildgalerien\\\/2020-baezelistagschiessen\\\/#breadcrumb\"},\"inLanguage\":\"de\",\"potentialAction\":[{\"@type\":\"ReadAction\",\"target\":[\"https:\\\/\\\/prssu.ch\\\/prssu\\\/bildgalerien\\\/2020-baezelistagschiessen\\\/\"]}]},{\"@type\":\"BreadcrumbList\",\"@id\":\"https:\\\/\\\/prssu.ch\\\/prssu\\\/bildgalerien\\\/2020-baezelistagschiessen\\\/#breadcrumb\",\"itemListElement\":[{\"@type\":\"ListItem\",\"position\":1,\"name\":\"Startseite\",\"item\":\"https:\\\/\\\/prssu.ch\\\/prssu\\\/\"},{\"@type\":\"ListItem\",\"position\":2,\"name\":\"Bildgalerien\",\"item\":\"https:\\\/\\\/prssu.ch\\\/prssu\\\/bildgalerien\\\/\"},{\"@type\":\"ListItem\",\"position\":3,\"name\":\"2020 B\u00e4zelistagschiessen\"}]},{\"@type\":\"WebSite\",\"@id\":\"https:\\\/\\\/prssu.ch\\\/prssu\\\/#website\",\"url\":\"https:\\\/\\\/prssu.ch\\\/prssu\\\/\",\"name\":\"PRSSU\",\"description\":\"Pistolen- und Revolversch\u00fctzen Sch\u00f6nb\u00fchl - Urtenen und Umgebung\",\"publisher\":{\"@id\":\"https:\\\/\\\/prssu.ch\\\/prssu\\\/#organization\"},\"potentialAction\":[{\"@type\":\"SearchAction\",\"target\":{\"@type\":\"EntryPoint\",\"urlTemplate\":\"https:\\\/\\\/prssu.ch\\\/prssu\\\/?s={search_term_string}\"},\"query-input\":{\"@type\":\"PropertyValueSpecification\",\"valueRequired\":true,\"valueName\":\"search_term_string\"}}],\"inLanguage\":\"de\"},{\"@type\":\"Organization\",\"@id\":\"https:\\\/\\\/prssu.ch\\\/prssu\\\/#organization\",\"name\":\"PRSSU\",\"url\":\"https:\\\/\\\/prssu.ch\\\/prssu\\\/\",\"logo\":{\"@type\":\"ImageObject\",\"inLanguage\":\"de\",\"@id\":\"https:\\\/\\\/prssu.ch\\\/prssu\\\/#\\\/schema\\\/logo\\\/image\\\/\",\"url\":\"https:\\\/\\\/prssu.ch\\\/prssu\\\/wp-content\\\/uploads\\\/2017\\\/11\\\/Logo_gross.png\",\"contentUrl\":\"https:\\\/\\\/prssu.ch\\\/prssu\\\/wp-content\\\/uploads\\\/2017\\\/11\\\/Logo_gross.png\",\"width\":531,\"height\":539,\"caption\":\"PRSSU\"},\"image\":{\"@id\":\"https:\\\/\\\/prssu.ch\\\/prssu\\\/#\\\/schema\\\/logo\\\/image\\\/\"}}]}<\/script>\n<!-- \/ Yoast SEO plugin. -->","yoast_head_json":{"title":"2020 B\u00e4zelistagschiessen - PRSSU","robots":{"index":"index","follow":"follow","max-snippet":"max-snippet:-1","max-image-preview":"max-image-preview:large","max-video-preview":"max-video-preview:-1"},"canonical":"https:\/\/prssu.ch\/prssu\/bildgalerien\/2020-baezelistagschiessen\/","og_locale":"de_DE","og_type":"article","og_title":"2020 B\u00e4zelistagschiessen - PRSSU","og_url":"https:\/\/prssu.ch\/prssu\/bildgalerien\/2020-baezelistagschiessen\/","og_site_name":"PRSSU","article_modified_time":"2020-01-04T02:16:02+00:00","twitter_card":"summary_large_image","schema":{"@context":"https:\/\/schema.org","@graph":[{"@type":"WebPage","@id":"https:\/\/prssu.ch\/prssu\/bildgalerien\/2020-baezelistagschiessen\/","url":"https:\/\/prssu.ch\/prssu\/bildgalerien\/2020-baezelistagschiessen\/","name":"2020 B\u00e4zelistagschiessen - PRSSU","isPartOf":{"@id":"https:\/\/prssu.ch\/prssu\/#website"},"datePublished":"2020-01-04T02:08:28+00:00","dateModified":"2020-01-04T02:16:02+00:00","breadcrumb":{"@id":"https:\/\/prssu.ch\/prssu\/bildgalerien\/2020-baezelistagschiessen\/#breadcrumb"},"inLanguage":"de","potentialAction":[{"@type":"ReadAction","target":["https:\/\/prssu.ch\/prssu\/bildgalerien\/2020-baezelistagschiessen\/"]}]},{"@type":"BreadcrumbList","@id":"https:\/\/prssu.ch\/prssu\/bildgalerien\/2020-baezelistagschiessen\/#breadcrumb","itemListElement":[{"@type":"ListItem","position":1,"name":"Startseite","item":"https:\/\/prssu.ch\/prssu\/"},{"@type":"ListItem","position":2,"name":"Bildgalerien","item":"https:\/\/prssu.ch\/prssu\/bildgalerien\/"},{"@type":"ListItem","position":3,"name":"2020 B\u00e4zelistagschiessen"}]},{"@type":"WebSite","@id":"https:\/\/prssu.ch\/prssu\/#website","url":"https:\/\/prssu.ch\/prssu\/","name":"PRSSU","description":"Pistolen- und Revolversch\u00fctzen Sch\u00f6nb\u00fchl - Urtenen und Umgebung","publisher":{"@id":"https:\/\/prssu.ch\/prssu\/#organization"},"potentialAction":[{"@type":"SearchAction","target":{"@type":"EntryPoint","urlTemplate":"https:\/\/prssu.ch\/prssu\/?s={search_term_string}"},"query-input":{"@type":"PropertyValueSpecification","valueRequired":true,"valueName":"search_term_string"}}],"inLanguage":"de"},{"@type":"Organization","@id":"https:\/\/prssu.ch\/prssu\/#organization","name":"PRSSU","url":"https:\/\/prssu.ch\/prssu\/","logo":{"@type":"ImageObject","inLanguage":"de","@id":"https:\/\/prssu.ch\/prssu\/#\/schema\/logo\/image\/","url":"https:\/\/prssu.ch\/prssu\/wp-content\/uploads\/2017\/11\/Logo_gross.png","contentUrl":"https:\/\/prssu.ch\/prssu\/wp-content\/uploads\/2017\/11\/Logo_gross.png","width":531,"height":539,"caption":"PRSSU"},"image":{"@id":"https:\/\/prssu.ch\/prssu\/#\/schema\/logo\/image\/"}}]}},"_links":{"self":[{"href":"https:\/\/prssu.ch\/prssu\/wp-json\/wp\/v2\/pages\/10277","targetHints":{"allow":["GET"]}}],"collection":[{"href":"https:\/\/prssu.ch\/prssu\/wp-json\/wp\/v2\/pages"}],"about":[{"href":"https:\/\/prssu.ch\/prssu\/wp-json\/wp\/v2\/types\/page"}],"author":[{"embeddable":true,"href":"https:\/\/prssu.ch\/prssu\/wp-json\/wp\/v2\/users\/1"}],"replies":[{"embeddable":true,"href":"https:\/\/prssu.ch\/prssu\/wp-json\/wp\/v2\/comments?post=10277"}],"version-history":[{"count":3,"href":"https:\/\/prssu.ch\/prssu\/wp-json\/wp\/v2\/pages\/10277\/revisions"}],"predecessor-version":[{"id":10325,"href":"https:\/\/prssu.ch\/prssu\/wp-json\/wp\/v2\/pages\/10277\/revisions\/10325"}],"up":[{"embeddable":true,"href":"https:\/\/prssu.ch\/prssu\/wp-json\/wp\/v2\/pages\/146"}],"wp:attachment":[{"href":"https:\/\/prssu.ch\/prssu\/wp-json\/wp\/v2\/media?parent=10277"}],"wp:term":[{"taxonomy":"category","embeddable":true,"href":"https:\/\/prssu.ch\/prssu\/wp-json\/wp\/v2\/categories?post=10277"},{"taxonomy":"post_tag","embeddable":true,"href":"https:\/\/prssu.ch\/prssu\/wp-json\/wp\/v2\/tags?post=10277"}],"curies":[{"name":"wp","href":"https:\/\/api.w.org\/{rel}","templated":true}]}}