{"id":11069,"date":"2022-09-01T00:02:52","date_gmt":"2022-08-31T22:02:52","guid":{"rendered":"https:\/\/prssu.ch\/prssu\/?page_id=11069"},"modified":"2025-10-10T18:05:26","modified_gmt":"2025-10-10T16:05:26","slug":"infos-zum-ausschiessen","status":"publish","type":"page","link":"https:\/\/prssu.ch\/prssu\/list-menu-home\/infos-zum-ausschiessen\/","title":{"rendered":"Infos zum Ausschiessen"},"content":{"rendered":"<h1>Ausschiessen 2025<\/h1>\n<p>Das Ausschiessen vom Samstag, 11.Oktober 2025 (Vorschiessen am Samastag, 20. September 2025) steht bevor.<\/p>\n<p>Folgende Stiche k\u00f6nnen geschossen werden:<\/p>\n<table>\n<tbody>\n<tr>\n<td style=\"vertical-align: top;\" width=\"130\"><strong>Stich<\/strong><\/td>\n<td style=\"vertical-align: top;\" width=\"55\"><strong>Preis<\/strong><\/td>\n<td style=\"vertical-align: top;\" width=\"46\"><strong>Dist.<\/strong><\/td>\n<td style=\"vertical-align: top;\" width=\"71\"><strong>Scheibe<\/strong><\/td>\n<td style=\"vertical-align: top;\" width=\"124\"><strong>Anz. Sch\u00fcsse<\/strong><\/td>\n<td style=\"vertical-align: top;\" width=\"249\"><strong>Bemerkungen<\/strong><\/td>\n<\/tr>\n<tr>\n<td style=\"vertical-align: top;\" width=\"130\">\n<p>Z&#8217;Vieristich<\/p>\n<\/td>\n<td style=\"vertical-align: top;\" width=\"55\">\n<p>30.00<\/p>\n<\/td>\n<td style=\"vertical-align: top;\" width=\"46\">\n<p>50m<\/p>\n<\/td>\n<td style=\"vertical-align: top;\" width=\"71\">\n<p>B5<\/p>\n<\/td>\n<td style=\"vertical-align: top;\" width=\"124\">\n<p>1 in 1 Minute<br \/>\n2 in 1 Minute<br \/>\n4 in 1 Minute<br \/>\n5 in 1 Minute<\/p>\n<\/td>\n<td style=\"vertical-align: top;\" width=\"249\">\n<p>Die Einnahmen gehen zu 100% zugunsten des Nachtessens.<\/p>\n<\/td>\n<\/tr>\n<tr>\n<td style=\"vertical-align: top;\" width=\"130\">\n<p>Gl\u00fccksstich<\/p>\n<\/td>\n<td style=\"vertical-align: top;\" width=\"55\">\n<p>15.00<\/p>\n<\/td>\n<td style=\"vertical-align: top;\" width=\"46\">\n<p>50m<\/p>\n<\/td>\n<td style=\"vertical-align: top;\" width=\"71\">\n<p>Gl\u00fcckscheibe<\/p>\n<\/td>\n<td style=\"vertical-align: top;\" width=\"124\">\n<p>5 Einzel, ohne Zeitbeschr\u00e4nkung<\/p>\n<\/td>\n<td style=\"vertical-align: top;\" width=\"249\">\n<p>Die Einnahmen werden zu 100% wahlweise als Fleisch- oder Kartenpreise den Sch\u00fctzen zur\u00fcckerstattet.<\/p>\n<\/td>\n<\/tr>\n<tr>\n<td style=\"vertical-align: top;\" width=\"130\">\n<p>Auszahlungsstich<\/p>\n<\/td>\n<td style=\"vertical-align: top;\" width=\"55\">\n<p>min. 9.00<\/p>\n<\/td>\n<td style=\"vertical-align: top;\" width=\"46\">\n<p>50m<\/p>\n<\/td>\n<td style=\"vertical-align: top;\" width=\"71\">\n<p>A100<\/p>\n<\/td>\n<td style=\"vertical-align: top;\" width=\"124\">\n<p>2er-Passe am Schluss gezeigt, ohne Zeitbeschr\u00e4nkung<\/p>\n<\/td>\n<td style=\"vertical-align: top;\" width=\"249\">\n<p>jede weitere 2er-Passe CHF 2.00. Die h\u00f6chsten drei 2er-Passen werden bewertet. Die Einnahmen werden zu 100% als Kartenpreise den Sch\u00fctzen zur\u00fcckerstattet.<\/p>\n<\/td>\n<\/tr>\n<tr>\n<td style=\"vertical-align: top;\" width=\"130\">\n<p>P\u00e4ng-P\u00e4ngstich<\/p>\n<\/td>\n<td style=\"vertical-align: top;\" width=\"55\">\n<p>25.00<\/p>\n<\/td>\n<td style=\"vertical-align: top;\" width=\"46\">\n<p>25m<\/p>\n<\/td>\n<td style=\"vertical-align: top;\" width=\"71\">\n<p>Ordonnanz<\/p>\n<\/td>\n<td style=\"vertical-align: top;\" width=\"124\">\n<p>5 in 40 Sekunden<br \/>\n5 in 30 Sekunden<br \/>\n5 in 20 Sekunden<\/p>\n<\/td>\n<td style=\"vertical-align: top;\" width=\"249\">\n<p>Die Einnahmen gehen zu 50% zugunsten des Nachtessens, die restlichen 50% werden als Kartenpreise den Sch\u00fctzen zur\u00fcckerstattet.<\/p>\n<\/td>\n<\/tr>\n<tr>\n<td style=\"vertical-align: top;\" width=\"130\">\n<p>G\u00e4stestich<\/p>\n<\/td>\n<td style=\"vertical-align: top;\" width=\"55\">\n<p>15.00<\/p>\n<\/td>\n<td style=\"vertical-align: top;\" width=\"46\">\n<p>25m<\/p>\n<\/td>\n<td style=\"vertical-align: top;\" width=\"71\">\n<p>Ordonnanz<\/p>\n<\/td>\n<td style=\"vertical-align: top;\" width=\"124\">\n<p>5 Einzel<br \/>\n5 am Schluss gezeigt, ohne Zeitbeschr\u00e4nkung<\/p>\n<\/td>\n<td style=\"vertical-align: top;\" width=\"249\">\n<p>Es k\u00f6nnen beliebig viele Nachdoppel zu je CHF 5.00 gel\u00f6st werden. Die Einnahmen des Hauptdoppels werden zu 100% als Kartenpreise den Sch\u00fctzen zur\u00fcckerstattet, jene der Nachdoppel zu 60% als Kartenpreise den Sch\u00fctzen zur\u00fcckerstattet und 40% gehen zugunsten des Nachtessens. Dieser Stich steht ausschliesslich unseren G\u00e4sten \/ Nicht-Vereinsmitgliedern zur Verf\u00fcgung.<\/p>\n<\/td>\n<\/tr>\n<tr>\n<td style=\"vertical-align: top;\" width=\"130\">\n<p>\u00dcbungskehr<\/p>\n<\/td>\n<td style=\"vertical-align: top;\" width=\"55\">\n<p>2.00<\/p>\n<\/td>\n<td style=\"vertical-align: top;\" colspan=\"3\" width=\"241\">\n<p>beliebig<\/p>\n<\/td>\n<td style=\"vertical-align: top;\" width=\"249\">\n<p>je 5 Schuss. Kann beliebig oft gel\u00f6st werden. Die Einnahmen gehen zu 100% zugunsten des Nachtessens.<\/p>\n<\/td>\n<\/tr>\n<\/tbody>\n<\/table>\n<p>Unsere G\u00e4ste \/ Nicht-Vereinsmitglieder erhalten ein besonderes Schiessb\u00fcchlein. Nebst des G\u00e4stestichs (mit beliebig vielen Nachdoppel) k\u00f6nnen sie den Gl\u00fcckstich und beliebig viele \u00dcbungskehre l\u00f6sen. Eure Partnerin bzw. euer Partner sind herzlich willkommen.<\/p>\n<p>Wir hoffen auf zahlreiche Teilnahme.<\/p>\n","protected":false},"excerpt":{"rendered":"<p>Ausschiessen 2025 Das Ausschiessen vom Samstag, 11.Oktober 2025 (Vorschiessen am Samastag, 20. September 2025) steht bevor. Folgende Stiche k\u00f6nnen geschossen werden: Stich Preis Dist. Scheibe Anz. Sch\u00fcsse Bemerkungen Z&#8217;Vieristich 30.00 50m B5 1 in 1 Minute 2 in 1 Minute 4 in 1 Minute 5 in 1 Minute Die Einnahmen gehen zu 100% zugunsten des [&hellip;]<\/p>\n","protected":false},"author":1,"featured_media":0,"parent":9900,"menu_order":0,"comment_status":"closed","ping_status":"closed","template":"","meta":{"ngg_post_thumbnail":0,"footnotes":""},"categories":[1],"tags":[95],"class_list":["post-11069","page","type-page","status-publish","hentry","category-allgemein","tag-ausschiessen"],"yoast_head":"<!-- This site is optimized with the Yoast SEO plugin v27.4 - https:\/\/yoast.com\/product\/yoast-seo-wordpress\/ -->\n<title>Infos zum Ausschiessen - PRSSU<\/title>\n<meta name=\"robots\" content=\"index, follow, max-snippet:-1, max-image-preview:large, max-video-preview:-1\" \/>\n<link rel=\"canonical\" href=\"https:\/\/prssu.ch\/prssu\/list-menu-home\/infos-zum-ausschiessen\/\" \/>\n<meta property=\"og:locale\" content=\"de_DE\" \/>\n<meta property=\"og:type\" content=\"article\" \/>\n<meta property=\"og:title\" content=\"Infos zum Ausschiessen - PRSSU\" \/>\n<meta property=\"og:description\" content=\"Ausschiessen 2025 Das Ausschiessen vom Samstag, 11.Oktober 2025 (Vorschiessen am Samastag, 20. September 2025) steht bevor. Folgende Stiche k\u00f6nnen geschossen werden: Stich Preis Dist. Scheibe Anz. Sch\u00fcsse Bemerkungen Z&#8217;Vieristich 30.00 50m B5 1 in 1 Minute 2 in 1 Minute 4 in 1 Minute 5 in 1 Minute Die Einnahmen gehen zu 100% zugunsten des [&hellip;]\" \/>\n<meta property=\"og:url\" content=\"https:\/\/prssu.ch\/prssu\/list-menu-home\/infos-zum-ausschiessen\/\" \/>\n<meta property=\"og:site_name\" content=\"PRSSU\" \/>\n<meta property=\"article:modified_time\" content=\"2025-10-10T16:05:26+00:00\" \/>\n<meta name=\"twitter:card\" content=\"summary_large_image\" \/>\n<meta name=\"twitter:label1\" content=\"Gesch\u00e4tzte Lesezeit\" \/>\n\t<meta name=\"twitter:data1\" content=\"2\u00a0Minuten\" \/>\n<script type=\"application\/ld+json\" class=\"yoast-schema-graph\">{\"@context\":\"https:\\\/\\\/schema.org\",\"@graph\":[{\"@type\":\"WebPage\",\"@id\":\"https:\\\/\\\/prssu.ch\\\/prssu\\\/list-menu-home\\\/infos-zum-ausschiessen\\\/\",\"url\":\"https:\\\/\\\/prssu.ch\\\/prssu\\\/list-menu-home\\\/infos-zum-ausschiessen\\\/\",\"name\":\"Infos zum Ausschiessen - PRSSU\",\"isPartOf\":{\"@id\":\"https:\\\/\\\/prssu.ch\\\/prssu\\\/#website\"},\"datePublished\":\"2022-08-31T22:02:52+00:00\",\"dateModified\":\"2025-10-10T16:05:26+00:00\",\"breadcrumb\":{\"@id\":\"https:\\\/\\\/prssu.ch\\\/prssu\\\/list-menu-home\\\/infos-zum-ausschiessen\\\/#breadcrumb\"},\"inLanguage\":\"de\",\"potentialAction\":[{\"@type\":\"ReadAction\",\"target\":[\"https:\\\/\\\/prssu.ch\\\/prssu\\\/list-menu-home\\\/infos-zum-ausschiessen\\\/\"]}]},{\"@type\":\"BreadcrumbList\",\"@id\":\"https:\\\/\\\/prssu.ch\\\/prssu\\\/list-menu-home\\\/infos-zum-ausschiessen\\\/#breadcrumb\",\"itemListElement\":[{\"@type\":\"ListItem\",\"position\":1,\"name\":\"Startseite\",\"item\":\"https:\\\/\\\/prssu.ch\\\/prssu\\\/\"},{\"@type\":\"ListItem\",\"position\":2,\"name\":\"Home\",\"item\":\"https:\\\/\\\/prssu.ch\\\/prssu\\\/list-menu-home\\\/\"},{\"@type\":\"ListItem\",\"position\":3,\"name\":\"Infos zum Ausschiessen\"}]},{\"@type\":\"WebSite\",\"@id\":\"https:\\\/\\\/prssu.ch\\\/prssu\\\/#website\",\"url\":\"https:\\\/\\\/prssu.ch\\\/prssu\\\/\",\"name\":\"PRSSU\",\"description\":\"Pistolen- und Revolversch\u00fctzen Sch\u00f6nb\u00fchl - Urtenen und Umgebung\",\"publisher\":{\"@id\":\"https:\\\/\\\/prssu.ch\\\/prssu\\\/#organization\"},\"potentialAction\":[{\"@type\":\"SearchAction\",\"target\":{\"@type\":\"EntryPoint\",\"urlTemplate\":\"https:\\\/\\\/prssu.ch\\\/prssu\\\/?s={search_term_string}\"},\"query-input\":{\"@type\":\"PropertyValueSpecification\",\"valueRequired\":true,\"valueName\":\"search_term_string\"}}],\"inLanguage\":\"de\"},{\"@type\":\"Organization\",\"@id\":\"https:\\\/\\\/prssu.ch\\\/prssu\\\/#organization\",\"name\":\"PRSSU\",\"url\":\"https:\\\/\\\/prssu.ch\\\/prssu\\\/\",\"logo\":{\"@type\":\"ImageObject\",\"inLanguage\":\"de\",\"@id\":\"https:\\\/\\\/prssu.ch\\\/prssu\\\/#\\\/schema\\\/logo\\\/image\\\/\",\"url\":\"https:\\\/\\\/prssu.ch\\\/prssu\\\/wp-content\\\/uploads\\\/2017\\\/11\\\/Logo_gross.png\",\"contentUrl\":\"https:\\\/\\\/prssu.ch\\\/prssu\\\/wp-content\\\/uploads\\\/2017\\\/11\\\/Logo_gross.png\",\"width\":531,\"height\":539,\"caption\":\"PRSSU\"},\"image\":{\"@id\":\"https:\\\/\\\/prssu.ch\\\/prssu\\\/#\\\/schema\\\/logo\\\/image\\\/\"}}]}<\/script>\n<!-- \/ Yoast SEO plugin. -->","yoast_head_json":{"title":"Infos zum Ausschiessen - PRSSU","robots":{"index":"index","follow":"follow","max-snippet":"max-snippet:-1","max-image-preview":"max-image-preview:large","max-video-preview":"max-video-preview:-1"},"canonical":"https:\/\/prssu.ch\/prssu\/list-menu-home\/infos-zum-ausschiessen\/","og_locale":"de_DE","og_type":"article","og_title":"Infos zum Ausschiessen - PRSSU","og_description":"Ausschiessen 2025 Das Ausschiessen vom Samstag, 11.Oktober 2025 (Vorschiessen am Samastag, 20. September 2025) steht bevor. Folgende Stiche k\u00f6nnen geschossen werden: Stich Preis Dist. Scheibe Anz. Sch\u00fcsse Bemerkungen Z&#8217;Vieristich 30.00 50m B5 1 in 1 Minute 2 in 1 Minute 4 in 1 Minute 5 in 1 Minute Die Einnahmen gehen zu 100% zugunsten des [&hellip;]","og_url":"https:\/\/prssu.ch\/prssu\/list-menu-home\/infos-zum-ausschiessen\/","og_site_name":"PRSSU","article_modified_time":"2025-10-10T16:05:26+00:00","twitter_card":"summary_large_image","twitter_misc":{"Gesch\u00e4tzte Lesezeit":"2\u00a0Minuten"},"schema":{"@context":"https:\/\/schema.org","@graph":[{"@type":"WebPage","@id":"https:\/\/prssu.ch\/prssu\/list-menu-home\/infos-zum-ausschiessen\/","url":"https:\/\/prssu.ch\/prssu\/list-menu-home\/infos-zum-ausschiessen\/","name":"Infos zum Ausschiessen - PRSSU","isPartOf":{"@id":"https:\/\/prssu.ch\/prssu\/#website"},"datePublished":"2022-08-31T22:02:52+00:00","dateModified":"2025-10-10T16:05:26+00:00","breadcrumb":{"@id":"https:\/\/prssu.ch\/prssu\/list-menu-home\/infos-zum-ausschiessen\/#breadcrumb"},"inLanguage":"de","potentialAction":[{"@type":"ReadAction","target":["https:\/\/prssu.ch\/prssu\/list-menu-home\/infos-zum-ausschiessen\/"]}]},{"@type":"BreadcrumbList","@id":"https:\/\/prssu.ch\/prssu\/list-menu-home\/infos-zum-ausschiessen\/#breadcrumb","itemListElement":[{"@type":"ListItem","position":1,"name":"Startseite","item":"https:\/\/prssu.ch\/prssu\/"},{"@type":"ListItem","position":2,"name":"Home","item":"https:\/\/prssu.ch\/prssu\/list-menu-home\/"},{"@type":"ListItem","position":3,"name":"Infos zum Ausschiessen"}]},{"@type":"WebSite","@id":"https:\/\/prssu.ch\/prssu\/#website","url":"https:\/\/prssu.ch\/prssu\/","name":"PRSSU","description":"Pistolen- und Revolversch\u00fctzen Sch\u00f6nb\u00fchl - Urtenen und Umgebung","publisher":{"@id":"https:\/\/prssu.ch\/prssu\/#organization"},"potentialAction":[{"@type":"SearchAction","target":{"@type":"EntryPoint","urlTemplate":"https:\/\/prssu.ch\/prssu\/?s={search_term_string}"},"query-input":{"@type":"PropertyValueSpecification","valueRequired":true,"valueName":"search_term_string"}}],"inLanguage":"de"},{"@type":"Organization","@id":"https:\/\/prssu.ch\/prssu\/#organization","name":"PRSSU","url":"https:\/\/prssu.ch\/prssu\/","logo":{"@type":"ImageObject","inLanguage":"de","@id":"https:\/\/prssu.ch\/prssu\/#\/schema\/logo\/image\/","url":"https:\/\/prssu.ch\/prssu\/wp-content\/uploads\/2017\/11\/Logo_gross.png","contentUrl":"https:\/\/prssu.ch\/prssu\/wp-content\/uploads\/2017\/11\/Logo_gross.png","width":531,"height":539,"caption":"PRSSU"},"image":{"@id":"https:\/\/prssu.ch\/prssu\/#\/schema\/logo\/image\/"}}]}},"_links":{"self":[{"href":"https:\/\/prssu.ch\/prssu\/wp-json\/wp\/v2\/pages\/11069","targetHints":{"allow":["GET"]}}],"collection":[{"href":"https:\/\/prssu.ch\/prssu\/wp-json\/wp\/v2\/pages"}],"about":[{"href":"https:\/\/prssu.ch\/prssu\/wp-json\/wp\/v2\/types\/page"}],"author":[{"embeddable":true,"href":"https:\/\/prssu.ch\/prssu\/wp-json\/wp\/v2\/users\/1"}],"replies":[{"embeddable":true,"href":"https:\/\/prssu.ch\/prssu\/wp-json\/wp\/v2\/comments?post=11069"}],"version-history":[{"count":8,"href":"https:\/\/prssu.ch\/prssu\/wp-json\/wp\/v2\/pages\/11069\/revisions"}],"predecessor-version":[{"id":13126,"href":"https:\/\/prssu.ch\/prssu\/wp-json\/wp\/v2\/pages\/11069\/revisions\/13126"}],"up":[{"embeddable":true,"href":"https:\/\/prssu.ch\/prssu\/wp-json\/wp\/v2\/pages\/9900"}],"wp:attachment":[{"href":"https:\/\/prssu.ch\/prssu\/wp-json\/wp\/v2\/media?parent=11069"}],"wp:term":[{"taxonomy":"category","embeddable":true,"href":"https:\/\/prssu.ch\/prssu\/wp-json\/wp\/v2\/categories?post=11069"},{"taxonomy":"post_tag","embeddable":true,"href":"https:\/\/prssu.ch\/prssu\/wp-json\/wp\/v2\/tags?post=11069"}],"curies":[{"name":"wp","href":"https:\/\/api.w.org\/{rel}","templated":true}]}}