{"id":146,"date":"2017-12-22T10:44:36","date_gmt":"2017-12-22T09:44:36","guid":{"rendered":"https:\/\/prssu.ch\/prssu\/?page_id=146"},"modified":"2025-09-08T23:16:59","modified_gmt":"2025-09-08T21:16:59","slug":"bildgalerien","status":"publish","type":"page","link":"https:\/\/prssu.ch\/prssu\/bildgalerien\/","title":{"rendered":"Bildgalerien"},"content":{"rendered":"<h2>Videos<\/h2>\n<div class=\"entry-content\">\n   <link href=\"https:\/\/maxcdn.bootstrapcdn.com\/bootstrap\/3.3.7\/css\/bootstrap.min.css\" rel=\"stylesheet\">\n   <script src=\"https:\/\/maxcdn.bootstrapcdn.com\/bootstrap\/3.3.7\/js\/bootstrap.min.js\"><\/script><br \/>\n   <script src=\"https:\/\/ajax.googleapis.com\/ajax\/libs\/jquery\/3.2.1\/jquery.min.js\"><\/script><\/p>\n<div class=\"container-fluid\">\n<style>a, a:hover {color: #c80a0a;}<\/style>\n<div class=\"row\">\n<div class=\"col-xs-12 col-sm-6 col-lg-3\" style=\"background-color: white;\">\n            <a href=\"\/prssu\/video_ausschiessen_1984\">Ausschiessen 1984<\/a>\n         <\/div>\n<div class=\"col-xs-12 col-sm-6 col-lg-3\" style=\"background-color:white;\">\n            <a href=\"\/prssu\/video_erbssuppentag\">Erbssuppentag<\/a>\n         <\/div>\n<div class=\"col-xs-12 col-sm-6 col-lg-3\" style=\"background-color:white;\">\n            <a href=\"\/prssu\/video_vorderladerschiessen\">Vorderladerschiessen<\/a>\n         <\/div>\n<div class=\"col-xs-12 col-sm-6 col-lg-3\" style=\"background-color:white;\">\n            <a href=\"\/prssu\/wp-content\/uploads\/files\/diverse\/video_80_jahre_prssu.zip\">R\u00fcckschau auf die 80-j\u00e4hrige Vereinsgeschichte<\/a>\n         <\/div>\n<p>          <!--\n            \n\n<div class=\"col-xs-12 col-sm-6 col-lg-3\" style=\"background-color:white;\">\n                        &nbsp;\n                     <\/div>\n\n\n            -->\n      <\/div>\n<\/p><\/div>\n<\/div>\n<h2>Bildergalerien<\/h2>\nngg_shortcode_0_placeholder\n","protected":false},"excerpt":{"rendered":"<p>Videos Ausschiessen 1984 Erbssuppentag Vorderladerschiessen R\u00fcckschau auf die 80-j\u00e4hrige Vereinsgeschichte Bildergalerien<\/p>\n","protected":false},"author":1,"featured_media":0,"parent":0,"menu_order":0,"comment_status":"closed","ping_status":"closed","template":"","meta":{"ngg_post_thumbnail":0,"footnotes":""},"categories":[51],"tags":[87],"class_list":["post-146","page","type-page","status-publish","hentry","category-fotos","tag-fotos"],"yoast_head":"<!-- This site is optimized with the Yoast SEO plugin v27.3 - https:\/\/yoast.com\/product\/yoast-seo-wordpress\/ -->\n<title>Bildgalerien - PRSSU<\/title>\n<meta name=\"robots\" content=\"index, follow, max-snippet:-1, max-image-preview:large, max-video-preview:-1\" \/>\n<link rel=\"canonical\" href=\"https:\/\/prssu.ch\/prssu\/bildgalerien\/\" \/>\n<meta property=\"og:locale\" content=\"de_DE\" \/>\n<meta property=\"og:type\" content=\"article\" \/>\n<meta property=\"og:title\" content=\"Bildgalerien - PRSSU\" \/>\n<meta property=\"og:description\" content=\"Videos Ausschiessen 1984 Erbssuppentag Vorderladerschiessen R\u00fcckschau auf die 80-j\u00e4hrige Vereinsgeschichte Bildergalerien\" \/>\n<meta property=\"og:url\" content=\"https:\/\/prssu.ch\/prssu\/bildgalerien\/\" \/>\n<meta property=\"og:site_name\" content=\"PRSSU\" \/>\n<meta property=\"article:modified_time\" content=\"2025-09-08T21:16:59+00:00\" \/>\n<meta name=\"twitter:card\" content=\"summary_large_image\" \/>\n<meta name=\"twitter:label1\" content=\"Gesch\u00e4tzte Lesezeit\" \/>\n\t<meta name=\"twitter:data1\" content=\"1\u00a0Minute\" \/>\n<script type=\"application\/ld+json\" class=\"yoast-schema-graph\">{\"@context\":\"https:\\\/\\\/schema.org\",\"@graph\":[{\"@type\":\"WebPage\",\"@id\":\"https:\\\/\\\/prssu.ch\\\/prssu\\\/bildgalerien\\\/\",\"url\":\"https:\\\/\\\/prssu.ch\\\/prssu\\\/bildgalerien\\\/\",\"name\":\"Bildgalerien - PRSSU\",\"isPartOf\":{\"@id\":\"https:\\\/\\\/prssu.ch\\\/prssu\\\/#website\"},\"datePublished\":\"2017-12-22T09:44:36+00:00\",\"dateModified\":\"2025-09-08T21:16:59+00:00\",\"breadcrumb\":{\"@id\":\"https:\\\/\\\/prssu.ch\\\/prssu\\\/bildgalerien\\\/#breadcrumb\"},\"inLanguage\":\"de\",\"potentialAction\":[{\"@type\":\"ReadAction\",\"target\":[\"https:\\\/\\\/prssu.ch\\\/prssu\\\/bildgalerien\\\/\"]}]},{\"@type\":\"BreadcrumbList\",\"@id\":\"https:\\\/\\\/prssu.ch\\\/prssu\\\/bildgalerien\\\/#breadcrumb\",\"itemListElement\":[{\"@type\":\"ListItem\",\"position\":1,\"name\":\"Startseite\",\"item\":\"https:\\\/\\\/prssu.ch\\\/prssu\\\/\"},{\"@type\":\"ListItem\",\"position\":2,\"name\":\"Bildgalerien\"}]},{\"@type\":\"WebSite\",\"@id\":\"https:\\\/\\\/prssu.ch\\\/prssu\\\/#website\",\"url\":\"https:\\\/\\\/prssu.ch\\\/prssu\\\/\",\"name\":\"PRSSU\",\"description\":\"Pistolen- und Revolversch\u00fctzen Sch\u00f6nb\u00fchl - Urtenen und Umgebung\",\"publisher\":{\"@id\":\"https:\\\/\\\/prssu.ch\\\/prssu\\\/#organization\"},\"potentialAction\":[{\"@type\":\"SearchAction\",\"target\":{\"@type\":\"EntryPoint\",\"urlTemplate\":\"https:\\\/\\\/prssu.ch\\\/prssu\\\/?s={search_term_string}\"},\"query-input\":{\"@type\":\"PropertyValueSpecification\",\"valueRequired\":true,\"valueName\":\"search_term_string\"}}],\"inLanguage\":\"de\"},{\"@type\":\"Organization\",\"@id\":\"https:\\\/\\\/prssu.ch\\\/prssu\\\/#organization\",\"name\":\"PRSSU\",\"url\":\"https:\\\/\\\/prssu.ch\\\/prssu\\\/\",\"logo\":{\"@type\":\"ImageObject\",\"inLanguage\":\"de\",\"@id\":\"https:\\\/\\\/prssu.ch\\\/prssu\\\/#\\\/schema\\\/logo\\\/image\\\/\",\"url\":\"https:\\\/\\\/prssu.ch\\\/prssu\\\/wp-content\\\/uploads\\\/2017\\\/11\\\/Logo_gross.png\",\"contentUrl\":\"https:\\\/\\\/prssu.ch\\\/prssu\\\/wp-content\\\/uploads\\\/2017\\\/11\\\/Logo_gross.png\",\"width\":531,\"height\":539,\"caption\":\"PRSSU\"},\"image\":{\"@id\":\"https:\\\/\\\/prssu.ch\\\/prssu\\\/#\\\/schema\\\/logo\\\/image\\\/\"}}]}<\/script>\n<!-- \/ Yoast SEO plugin. -->","yoast_head_json":{"title":"Bildgalerien - PRSSU","robots":{"index":"index","follow":"follow","max-snippet":"max-snippet:-1","max-image-preview":"max-image-preview:large","max-video-preview":"max-video-preview:-1"},"canonical":"https:\/\/prssu.ch\/prssu\/bildgalerien\/","og_locale":"de_DE","og_type":"article","og_title":"Bildgalerien - PRSSU","og_description":"Videos Ausschiessen 1984 Erbssuppentag Vorderladerschiessen R\u00fcckschau auf die 80-j\u00e4hrige Vereinsgeschichte Bildergalerien","og_url":"https:\/\/prssu.ch\/prssu\/bildgalerien\/","og_site_name":"PRSSU","article_modified_time":"2025-09-08T21:16:59+00:00","twitter_card":"summary_large_image","twitter_misc":{"Gesch\u00e4tzte Lesezeit":"1\u00a0Minute"},"schema":{"@context":"https:\/\/schema.org","@graph":[{"@type":"WebPage","@id":"https:\/\/prssu.ch\/prssu\/bildgalerien\/","url":"https:\/\/prssu.ch\/prssu\/bildgalerien\/","name":"Bildgalerien - PRSSU","isPartOf":{"@id":"https:\/\/prssu.ch\/prssu\/#website"},"datePublished":"2017-12-22T09:44:36+00:00","dateModified":"2025-09-08T21:16:59+00:00","breadcrumb":{"@id":"https:\/\/prssu.ch\/prssu\/bildgalerien\/#breadcrumb"},"inLanguage":"de","potentialAction":[{"@type":"ReadAction","target":["https:\/\/prssu.ch\/prssu\/bildgalerien\/"]}]},{"@type":"BreadcrumbList","@id":"https:\/\/prssu.ch\/prssu\/bildgalerien\/#breadcrumb","itemListElement":[{"@type":"ListItem","position":1,"name":"Startseite","item":"https:\/\/prssu.ch\/prssu\/"},{"@type":"ListItem","position":2,"name":"Bildgalerien"}]},{"@type":"WebSite","@id":"https:\/\/prssu.ch\/prssu\/#website","url":"https:\/\/prssu.ch\/prssu\/","name":"PRSSU","description":"Pistolen- und Revolversch\u00fctzen Sch\u00f6nb\u00fchl - Urtenen und Umgebung","publisher":{"@id":"https:\/\/prssu.ch\/prssu\/#organization"},"potentialAction":[{"@type":"SearchAction","target":{"@type":"EntryPoint","urlTemplate":"https:\/\/prssu.ch\/prssu\/?s={search_term_string}"},"query-input":{"@type":"PropertyValueSpecification","valueRequired":true,"valueName":"search_term_string"}}],"inLanguage":"de"},{"@type":"Organization","@id":"https:\/\/prssu.ch\/prssu\/#organization","name":"PRSSU","url":"https:\/\/prssu.ch\/prssu\/","logo":{"@type":"ImageObject","inLanguage":"de","@id":"https:\/\/prssu.ch\/prssu\/#\/schema\/logo\/image\/","url":"https:\/\/prssu.ch\/prssu\/wp-content\/uploads\/2017\/11\/Logo_gross.png","contentUrl":"https:\/\/prssu.ch\/prssu\/wp-content\/uploads\/2017\/11\/Logo_gross.png","width":531,"height":539,"caption":"PRSSU"},"image":{"@id":"https:\/\/prssu.ch\/prssu\/#\/schema\/logo\/image\/"}}]}},"_links":{"self":[{"href":"https:\/\/prssu.ch\/prssu\/wp-json\/wp\/v2\/pages\/146","targetHints":{"allow":["GET"]}}],"collection":[{"href":"https:\/\/prssu.ch\/prssu\/wp-json\/wp\/v2\/pages"}],"about":[{"href":"https:\/\/prssu.ch\/prssu\/wp-json\/wp\/v2\/types\/page"}],"author":[{"embeddable":true,"href":"https:\/\/prssu.ch\/prssu\/wp-json\/wp\/v2\/users\/1"}],"replies":[{"embeddable":true,"href":"https:\/\/prssu.ch\/prssu\/wp-json\/wp\/v2\/comments?post=146"}],"version-history":[{"count":13,"href":"https:\/\/prssu.ch\/prssu\/wp-json\/wp\/v2\/pages\/146\/revisions"}],"predecessor-version":[{"id":13052,"href":"https:\/\/prssu.ch\/prssu\/wp-json\/wp\/v2\/pages\/146\/revisions\/13052"}],"wp:attachment":[{"href":"https:\/\/prssu.ch\/prssu\/wp-json\/wp\/v2\/media?parent=146"}],"wp:term":[{"taxonomy":"category","embeddable":true,"href":"https:\/\/prssu.ch\/prssu\/wp-json\/wp\/v2\/categories?post=146"},{"taxonomy":"post_tag","embeddable":true,"href":"https:\/\/prssu.ch\/prssu\/wp-json\/wp\/v2\/tags?post=146"}],"curies":[{"name":"wp","href":"https:\/\/api.w.org\/{rel}","templated":true}]}}