{"id":34,"date":"2017-11-27T19:25:08","date_gmt":"2017-11-27T18:25:08","guid":{"rendered":"https:\/\/prssu.ch\/prssu\/?page_id=34"},"modified":"2024-02-07T23:11:02","modified_gmt":"2024-02-07T22:11:02","slug":"kontakt","status":"publish","type":"page","link":"https:\/\/prssu.ch\/prssu\/kontakt\/","title":{"rendered":"Kontakt"},"content":{"rendered":"<p>Bitte hinterlasse uns eine Nachricht.<\/p>\n\n<div class=\"wpcf7 no-js\" id=\"wpcf7-f9893-o1\" lang=\"de-DE\" dir=\"ltr\" data-wpcf7-id=\"9893\">\n<div class=\"screen-reader-response\"><p role=\"status\" aria-live=\"polite\" aria-atomic=\"true\"><\/p> <ul><\/ul><\/div>\n<form action=\"\/prssu\/wp-json\/wp\/v2\/pages\/34#wpcf7-f9893-o1\" method=\"post\" class=\"wpcf7-form init\" aria-label=\"Kontaktformular\" novalidate=\"novalidate\" data-status=\"init\">\n<fieldset class=\"hidden-fields-container\"><input type=\"hidden\" name=\"_wpcf7\" value=\"9893\" \/><input type=\"hidden\" name=\"_wpcf7_version\" value=\"6.1.5\" \/><input type=\"hidden\" name=\"_wpcf7_locale\" value=\"de_DE\" \/><input type=\"hidden\" name=\"_wpcf7_unit_tag\" value=\"wpcf7-f9893-o1\" \/><input type=\"hidden\" name=\"_wpcf7_container_post\" value=\"0\" \/><input type=\"hidden\" name=\"_wpcf7_posted_data_hash\" value=\"\" \/><input type=\"hidden\" name=\"_wpcf7_recaptcha_response\" value=\"\" \/>\n<\/fieldset>\n<div style=\"width:600px; border: 1px solid #ff0000; padding: 15px 15px 0px 15px;margin-bottom: 30px;\">\n\t<table>\n\t\t<tr>\n\t\t\t<td>\n\t\t\t\t<p>Falls du unseren Verein unterst&uuml;tzen m&ouml;chtest, kannst du dies gerne tun.\n\t\t\t\t<\/p>\n\t\t\t\t<p>Hier unsere Bankdaten:\n\t\t\t\t<\/p>\n\t\t\t\t<p>Pistolen- und Revolversch&uuml;tzen Sch&ouml;nb&uuml;hl\n\t\t\t\t<\/p>\n\t\t\t\t<p>Raiffeisenbank Grauholz\n\t\t\t\t<\/p>\n\t\t\t\t<p>3322 Urtenen-Sch&ouml;nb&uuml;hl\n\t\t\t\t<\/p>\n\t\t\t\t<p>IBAN: CH59 8080 8008 7107 7451 5\n\t\t\t\t<\/p>\n\t\t\t<\/td>\n\t\t\t<td>\n<!-- \n    <img loading=\"lazy\" decoding=\"async\" alt=\"\" height=\"300\" src=\"\/prssu\/wp-content\/uploads\/files\/PRSSU\/QRSpendeCode.png\" width=\"150\" \/>\n-->\n\t\t\t<\/td>\n\t\t<\/tr>\n\t<\/table>\n<\/div>\n<div class=\"um-field-label\">\n\t<p><label>Dein Name<span class=\"um-req\" style=\"color: #dd3333;\" title=\"Erforderlich\">*<\/span><br \/>\n<span class=\"wpcf7-form-control-wrap\" data-name=\"your-name\"><input size=\"40\" maxlength=\"400\" class=\"wpcf7-form-control wpcf7-text wpcf7-validates-as-required um-form-field valid\" aria-required=\"true\" aria-invalid=\"false\" value=\"\" type=\"text\" name=\"your-name\" \/><\/span> <\/label>\n\t<\/p>\n<\/div>\n<div class=\"um-field-label\">\n\t<p><label>Deine E-Mail-Adresse<span class=\"um-req\" style=\"color: #dd3333;\" title=\"Erforderlich\">*<\/span><br \/>\n<span class=\"wpcf7-form-control-wrap\" data-name=\"your-email\"><input size=\"40\" maxlength=\"400\" class=\"wpcf7-form-control wpcf7-email wpcf7-validates-as-required wpcf7-text wpcf7-validates-as-email\" aria-required=\"true\" aria-invalid=\"false\" value=\"\" type=\"email\" name=\"your-email\" \/><\/span> <\/label>\n\t<\/p>\n<\/div>\n<div class=\"um-field-label\">\n\t<p><label>Betreff<span class=\"um-req\" style=\"color: #dd3333;\" title=\"Erforderlich\">*<\/span><br \/>\n<span class=\"wpcf7-form-control-wrap\" data-name=\"your-subject\"><input size=\"40\" maxlength=\"400\" class=\"wpcf7-form-control wpcf7-text wpcf7-validates-as-required\" aria-required=\"true\" aria-invalid=\"false\" value=\"\" type=\"text\" name=\"your-subject\" \/><\/span> <\/label>\n\t<\/p>\n<\/div>\n<div class=\"um-field-label\">\n\t<p><label>Deine Nachricht<span class=\"um-req\" style=\"color: #dd3333;width: 500px\" title=\"Erforderlich\">*<\/span><br \/>\n<span class=\"wpcf7-form-control-wrap\" data-name=\"your-message\"><textarea cols=\"40\" rows=\"10\" maxlength=\"2000\" class=\"wpcf7-form-control wpcf7-textarea wpcf7-validates-as-required\" aria-required=\"true\" aria-invalid=\"false\" name=\"your-message\"><\/textarea><\/span> <\/label>\n\t<\/p>\n<\/div>\n<span class=\"wpcf7-form-control-wrap recaptcha\" data-name=\"recaptcha\"><span data-sitekey=\"6Ld1q10UAAAAAGXvCGU2HJAaH9jHpcuPM5WlAhL4\" class=\"wpcf7-form-control wpcf7-recaptcha g-recaptcha\"><\/span>\r\n<noscript>\r\n\t<div class=\"grecaptcha-noscript\">\r\n\t\t<iframe loading=\"lazy\" src=\"https:\/\/www.google.com\/recaptcha\/api\/fallback?k=6Ld1q10UAAAAAGXvCGU2HJAaH9jHpcuPM5WlAhL4\" frameborder=\"0\" scrolling=\"no\" width=\"310\" height=\"430\">\r\n\t\t<\/iframe>\r\n\t\t<textarea name=\"g-recaptcha-response\" rows=\"3\" cols=\"40\" placeholder=\"reCaptcha Response Here\">\r\n\t\t<\/textarea>\r\n\t<\/div>\r\n<\/noscript>\r\n<\/span>\n<p><input class=\"wpcf7-form-control wpcf7-submit has-spinner\" type=\"submit\" value=\"Senden\" \/>\n<\/p><div class=\"wpcf7-response-output\" aria-hidden=\"true\"><\/div>\n<\/form>\n<\/div>\n\n","protected":false},"excerpt":{"rendered":"<p>Bitte hinterlasse uns eine Nachricht.<\/p>\n","protected":false},"author":1,"featured_media":0,"parent":0,"menu_order":0,"comment_status":"closed","ping_status":"closed","template":"","meta":{"ngg_post_thumbnail":0,"footnotes":""},"categories":[1,59],"tags":[121],"class_list":["post-34","page","type-page","status-publish","hentry","category-allgemein","category-users","tag-kontakt"],"yoast_head":"<!-- This site is optimized with the Yoast SEO plugin v27.4 - https:\/\/yoast.com\/product\/yoast-seo-wordpress\/ -->\n<title>Kontakt - PRSSU<\/title>\n<meta name=\"robots\" content=\"index, follow, max-snippet:-1, max-image-preview:large, max-video-preview:-1\" \/>\n<link rel=\"canonical\" href=\"https:\/\/prssu.ch\/prssu\/kontakt\/\" \/>\n<meta property=\"og:locale\" content=\"de_DE\" \/>\n<meta property=\"og:type\" content=\"article\" \/>\n<meta property=\"og:title\" content=\"Kontakt - PRSSU\" \/>\n<meta property=\"og:description\" content=\"Bitte hinterlasse uns eine Nachricht.\" \/>\n<meta property=\"og:url\" content=\"https:\/\/prssu.ch\/prssu\/kontakt\/\" \/>\n<meta property=\"og:site_name\" content=\"PRSSU\" \/>\n<meta property=\"article:modified_time\" content=\"2024-02-07T22:11:02+00:00\" \/>\n<meta name=\"twitter:card\" content=\"summary_large_image\" \/>\n<meta name=\"twitter:label1\" content=\"Gesch\u00e4tzte Lesezeit\" \/>\n\t<meta name=\"twitter:data1\" content=\"1\u00a0Minute\" \/>\n<script type=\"application\/ld+json\" class=\"yoast-schema-graph\">{\"@context\":\"https:\\\/\\\/schema.org\",\"@graph\":[{\"@type\":\"WebPage\",\"@id\":\"https:\\\/\\\/prssu.ch\\\/prssu\\\/kontakt\\\/\",\"url\":\"https:\\\/\\\/prssu.ch\\\/prssu\\\/kontakt\\\/\",\"name\":\"Kontakt - PRSSU\",\"isPartOf\":{\"@id\":\"https:\\\/\\\/prssu.ch\\\/prssu\\\/#website\"},\"datePublished\":\"2017-11-27T18:25:08+00:00\",\"dateModified\":\"2024-02-07T22:11:02+00:00\",\"breadcrumb\":{\"@id\":\"https:\\\/\\\/prssu.ch\\\/prssu\\\/kontakt\\\/#breadcrumb\"},\"inLanguage\":\"de\",\"potentialAction\":[{\"@type\":\"ReadAction\",\"target\":[\"https:\\\/\\\/prssu.ch\\\/prssu\\\/kontakt\\\/\"]}]},{\"@type\":\"BreadcrumbList\",\"@id\":\"https:\\\/\\\/prssu.ch\\\/prssu\\\/kontakt\\\/#breadcrumb\",\"itemListElement\":[{\"@type\":\"ListItem\",\"position\":1,\"name\":\"Startseite\",\"item\":\"https:\\\/\\\/prssu.ch\\\/prssu\\\/\"},{\"@type\":\"ListItem\",\"position\":2,\"name\":\"Kontakt\"}]},{\"@type\":\"WebSite\",\"@id\":\"https:\\\/\\\/prssu.ch\\\/prssu\\\/#website\",\"url\":\"https:\\\/\\\/prssu.ch\\\/prssu\\\/\",\"name\":\"PRSSU\",\"description\":\"Pistolen- und Revolversch\u00fctzen Sch\u00f6nb\u00fchl - Urtenen und Umgebung\",\"publisher\":{\"@id\":\"https:\\\/\\\/prssu.ch\\\/prssu\\\/#organization\"},\"potentialAction\":[{\"@type\":\"SearchAction\",\"target\":{\"@type\":\"EntryPoint\",\"urlTemplate\":\"https:\\\/\\\/prssu.ch\\\/prssu\\\/?s={search_term_string}\"},\"query-input\":{\"@type\":\"PropertyValueSpecification\",\"valueRequired\":true,\"valueName\":\"search_term_string\"}}],\"inLanguage\":\"de\"},{\"@type\":\"Organization\",\"@id\":\"https:\\\/\\\/prssu.ch\\\/prssu\\\/#organization\",\"name\":\"PRSSU\",\"url\":\"https:\\\/\\\/prssu.ch\\\/prssu\\\/\",\"logo\":{\"@type\":\"ImageObject\",\"inLanguage\":\"de\",\"@id\":\"https:\\\/\\\/prssu.ch\\\/prssu\\\/#\\\/schema\\\/logo\\\/image\\\/\",\"url\":\"https:\\\/\\\/prssu.ch\\\/prssu\\\/wp-content\\\/uploads\\\/2017\\\/11\\\/Logo_gross.png\",\"contentUrl\":\"https:\\\/\\\/prssu.ch\\\/prssu\\\/wp-content\\\/uploads\\\/2017\\\/11\\\/Logo_gross.png\",\"width\":531,\"height\":539,\"caption\":\"PRSSU\"},\"image\":{\"@id\":\"https:\\\/\\\/prssu.ch\\\/prssu\\\/#\\\/schema\\\/logo\\\/image\\\/\"}}]}<\/script>\n<!-- \/ Yoast SEO plugin. -->","yoast_head_json":{"title":"Kontakt - PRSSU","robots":{"index":"index","follow":"follow","max-snippet":"max-snippet:-1","max-image-preview":"max-image-preview:large","max-video-preview":"max-video-preview:-1"},"canonical":"https:\/\/prssu.ch\/prssu\/kontakt\/","og_locale":"de_DE","og_type":"article","og_title":"Kontakt - PRSSU","og_description":"Bitte hinterlasse uns eine Nachricht.","og_url":"https:\/\/prssu.ch\/prssu\/kontakt\/","og_site_name":"PRSSU","article_modified_time":"2024-02-07T22:11:02+00:00","twitter_card":"summary_large_image","twitter_misc":{"Gesch\u00e4tzte Lesezeit":"1\u00a0Minute"},"schema":{"@context":"https:\/\/schema.org","@graph":[{"@type":"WebPage","@id":"https:\/\/prssu.ch\/prssu\/kontakt\/","url":"https:\/\/prssu.ch\/prssu\/kontakt\/","name":"Kontakt - PRSSU","isPartOf":{"@id":"https:\/\/prssu.ch\/prssu\/#website"},"datePublished":"2017-11-27T18:25:08+00:00","dateModified":"2024-02-07T22:11:02+00:00","breadcrumb":{"@id":"https:\/\/prssu.ch\/prssu\/kontakt\/#breadcrumb"},"inLanguage":"de","potentialAction":[{"@type":"ReadAction","target":["https:\/\/prssu.ch\/prssu\/kontakt\/"]}]},{"@type":"BreadcrumbList","@id":"https:\/\/prssu.ch\/prssu\/kontakt\/#breadcrumb","itemListElement":[{"@type":"ListItem","position":1,"name":"Startseite","item":"https:\/\/prssu.ch\/prssu\/"},{"@type":"ListItem","position":2,"name":"Kontakt"}]},{"@type":"WebSite","@id":"https:\/\/prssu.ch\/prssu\/#website","url":"https:\/\/prssu.ch\/prssu\/","name":"PRSSU","description":"Pistolen- und Revolversch\u00fctzen Sch\u00f6nb\u00fchl - Urtenen und Umgebung","publisher":{"@id":"https:\/\/prssu.ch\/prssu\/#organization"},"potentialAction":[{"@type":"SearchAction","target":{"@type":"EntryPoint","urlTemplate":"https:\/\/prssu.ch\/prssu\/?s={search_term_string}"},"query-input":{"@type":"PropertyValueSpecification","valueRequired":true,"valueName":"search_term_string"}}],"inLanguage":"de"},{"@type":"Organization","@id":"https:\/\/prssu.ch\/prssu\/#organization","name":"PRSSU","url":"https:\/\/prssu.ch\/prssu\/","logo":{"@type":"ImageObject","inLanguage":"de","@id":"https:\/\/prssu.ch\/prssu\/#\/schema\/logo\/image\/","url":"https:\/\/prssu.ch\/prssu\/wp-content\/uploads\/2017\/11\/Logo_gross.png","contentUrl":"https:\/\/prssu.ch\/prssu\/wp-content\/uploads\/2017\/11\/Logo_gross.png","width":531,"height":539,"caption":"PRSSU"},"image":{"@id":"https:\/\/prssu.ch\/prssu\/#\/schema\/logo\/image\/"}}]}},"_links":{"self":[{"href":"https:\/\/prssu.ch\/prssu\/wp-json\/wp\/v2\/pages\/34","targetHints":{"allow":["GET"]}}],"collection":[{"href":"https:\/\/prssu.ch\/prssu\/wp-json\/wp\/v2\/pages"}],"about":[{"href":"https:\/\/prssu.ch\/prssu\/wp-json\/wp\/v2\/types\/page"}],"author":[{"embeddable":true,"href":"https:\/\/prssu.ch\/prssu\/wp-json\/wp\/v2\/users\/1"}],"replies":[{"embeddable":true,"href":"https:\/\/prssu.ch\/prssu\/wp-json\/wp\/v2\/comments?post=34"}],"version-history":[{"count":5,"href":"https:\/\/prssu.ch\/prssu\/wp-json\/wp\/v2\/pages\/34\/revisions"}],"predecessor-version":[{"id":9894,"href":"https:\/\/prssu.ch\/prssu\/wp-json\/wp\/v2\/pages\/34\/revisions\/9894"}],"wp:attachment":[{"href":"https:\/\/prssu.ch\/prssu\/wp-json\/wp\/v2\/media?parent=34"}],"wp:term":[{"taxonomy":"category","embeddable":true,"href":"https:\/\/prssu.ch\/prssu\/wp-json\/wp\/v2\/categories?post=34"},{"taxonomy":"post_tag","embeddable":true,"href":"https:\/\/prssu.ch\/prssu\/wp-json\/wp\/v2\/tags?post=34"}],"curies":[{"name":"wp","href":"https:\/\/api.w.org\/{rel}","templated":true}]}}