{"id":533,"date":"2018-01-18T14:04:34","date_gmt":"2018-01-18T13:04:34","guid":{"rendered":"https:\/\/prssu.ch\/prssu\/?page_id=533"},"modified":"2025-04-11T18:52:20","modified_gmt":"2025-04-11T16:52:20","slug":"links","status":"publish","type":"page","link":"https:\/\/prssu.ch\/prssu\/list-menu-home\/links\/","title":{"rendered":"Links"},"content":{"rendered":"<h5>Schiesswesen<\/h5>\n<table style=\"border-collapse: separate; border-spacing: 2em;\" border=\"0\">\n<tbody>\n<tr>\n<td valign=\"middle\" width=\"320\">&nbsp;<a href=\"https:\/\/www.swissshooting.ch\/\" target=\"_blank\" rel=\"noopener noreferrer\"><img loading=\"lazy\" decoding=\"async\" src=\"\/prssu\/wp-content\/uploads\/link_images\/image001.gif\" alt=\"\" width=\"93\" height=\"94\"><\/a><\/td>\n<td valign=\"middle\"><b><span lang=\"DE\"><a href=\"https:\/\/www.swissshooting.ch\/\" target=\"_blank\" rel=\"noopener noreferrer\">SSV \/ FST \/ Schweiz. Schiesssportverband<\/a><\/span><\/b><\/td>\n<\/tr>\n<tr>\n<td valign=\"middle\" width=\"320\">&nbsp;<a href=\"http:\/\/www.bssvbe.ch\/\" target=\"_blank\" rel=\"noopener noreferrer\"><img loading=\"lazy\" decoding=\"async\" src=\"\/prssu\/wp-content\/uploads\/link_images\/image002.jpg\" alt=\"\" width=\"283\" height=\"135\"><\/a><\/td>\n<td valign=\"middle\"><b><span lang=\"DE\"><a href=\"http:\/\/www.bssvbe.ch\/\" target=\"_blank\" rel=\"noopener noreferrer\">Berner Schiesssportverband<\/a><\/span><\/b><\/td>\n<\/tr>\n<tr>\n<td valign=\"middle\" width=\"320\">&nbsp;<a href=\"https:\/\/www.oassv.ch\/\" target=\"_blank\" rel=\"noopener noreferrer\"><img loading=\"lazy\" decoding=\"async\" src=\"\/prssu\/wp-content\/uploads\/link_images\/image003.jpg\" alt=\"\" width=\"122\" height=\"108\"><\/a><\/td>\n<td valign=\"middle\"><b><span lang=\"DE\"><a href=\"https:\/\/www.oassv.ch\/\" target=\"_blank\" rel=\"noopener noreferrer\">Oberaargauer Schiesssportverband<\/a><\/span><\/b><\/td>\n<\/tr>\n<tr>\n<td valign=\"middle\" width=\"320\">&nbsp;<a href=\"https:\/\/www.protell.ch\" target=\"_blank\" rel=\"noopener noreferrer\"><img loading=\"lazy\" decoding=\"async\" src=\"\/prssu\/wp-content\/uploads\/link_images\/ProTell.jpg\" alt=\"\" width=\"118\" height=\"72\"><\/a><\/td>\n<td valign=\"middle\">&nbsp;<a href=\"https:\/\/www.protell.ch\" target=\"_blank\" rel=\"noopener noreferrer\"><strong>proTell<\/strong><\/a><\/td>\n<\/tr>\n<tr>\n<td valign=\"middle\" width=\"320\">&nbsp;<a href=\"https:\/\/www.finger-weg-vom-schweizer-waffenrecht.ch\/\" target=\"_blank\" rel=\"noopener noreferrer\"><img loading=\"lazy\" decoding=\"async\" src=\"\/prssu\/wp-content\/uploads\/link_images\/Finger_weg.gif\" alt=\"\" width=\"116\" height=\"150\"><\/a><\/td>\n<td valign=\"middle\"><a href=\"https:\/\/www.finger-weg-vom-schweizer-waffenrecht.ch\/\" target=\"_blank\" rel=\"noopener noreferrer\"><strong>Finger weg vom Schweizer Waffenrecht!<\/strong><\/a><\/td>\n<\/tr>\n<\/tbody>\n<\/table>\n<h5>Sponsoren<\/h5>\n<table style=\"border-collapse: separate; border-spacing: 2em;\" border=\"0\">\n<tbody>\n<tr>\n<td valign=\"middle\" width=\"320\"><a href=\"http:\/\/www.wkb-isolierungen.ch\/\" target=\"_blank\" rel=\"noopener noreferrer\"><img loading=\"lazy\" decoding=\"async\" src=\"\/prssu\/wp-content\/uploads\/link_images\/image004.jpg\" alt=\"\" width=\"143\" height=\"60\"><\/a><\/td>\n<td valign=\"middle\"><a href=\"http:\/\/www.wkb-isolierungen.ch\/\" target=\"_blank\" rel=\"noopener noreferrer\"><strong>wkb isolierungen ag<\/strong><\/a><\/td>\n<\/tr>\n<\/tbody>\n<\/table>\n<h5>\u00dcbrige<\/h5>\n<table style=\"border-collapse: separate; border-spacing: 2em;\" border=\"0\">\n<tbody>\n<tr>\n<td valign=\"middle\" width=\"300\"><a href=\"http:\/\/www.urtenen-schoenbuehl.ch\/de\/\" target=\"_blank\" rel=\"noopener noreferrer\"><img loading=\"lazy\" decoding=\"async\" src=\"\/prssu\/wp-content\/uploads\/link_images\/image004.gif\" alt=\"\" width=\"269\" height=\"95\"><\/a><\/td>\n<td valign=\"middle\"><b><a href=\"http:\/\/www.urtenen-schoenbuehl.ch\/de\/\" target=\"_blank\" rel=\"noopener noreferrer\">Gemeinde Urtenen-Sch\u00f6nb\u00fchl<\/a><\/b><\/td>\n<\/tr>\n<tr>\n<td valign=\"middle\" width=\"300\"><a href=\"http:\/\/www.JegiPortal.ch\" target=\"_blank\" rel=\"noopener noreferrer\"><img loading=\"lazy\" decoding=\"async\" src=\"\/prssu\/wp-content\/uploads\/link_images\/JegiPortal_Logo.jpg\" alt=\"\" width=\"269\" height=\"95\"><\/a><\/td>\n<td valign=\"middle\"><b><a href=\"http:\/\/www.JegiPortal.ch\" target=\"_blank\" rel=\"noopener noreferrer\">JegiPortal<\/a><\/b><\/td>\n<\/tr>\n<\/tbody>\n<\/table>\n<p>&nbsp;&nbsp;<\/p>\n","protected":false},"excerpt":{"rendered":"<p>Schiesswesen &nbsp; SSV \/ FST \/ Schweiz. Schiesssportverband &nbsp; Berner Schiesssportverband &nbsp; Oberaargauer Schiesssportverband &nbsp; &nbsp;proTell &nbsp; Finger weg vom Schweizer Waffenrecht! Sponsoren wkb isolierungen ag \u00dcbrige Gemeinde Urtenen-Sch\u00f6nb\u00fchl JegiPortal &nbsp;&nbsp;<\/p>\n","protected":false},"author":1,"featured_media":0,"parent":9900,"menu_order":0,"comment_status":"closed","ping_status":"closed","template":"","meta":{"ngg_post_thumbnail":0,"footnotes":""},"categories":[1],"tags":[64,65],"class_list":["post-533","page","type-page","status-publish","hentry","category-allgemein","tag-links","tag-sponsoren"],"yoast_head":"<!-- This site is optimized with the Yoast SEO plugin v27.4 - https:\/\/yoast.com\/product\/yoast-seo-wordpress\/ -->\n<title>Links - PRSSU<\/title>\n<meta name=\"description\" content=\"Wichtige Links zum Schiesswesen (SSV \/ FST \/ Schweiz. Schiesssportverband, BSSV Berner Schiesssportverband, OASSV Oberaargauer Schiesssportverband, proTell, Finger weg vom Schweizer Waffenrecht!) unseren Sponsoren und Beh\u00f6rden.\" \/>\n<meta name=\"robots\" content=\"index, follow, max-snippet:-1, max-image-preview:large, max-video-preview:-1\" \/>\n<link rel=\"canonical\" href=\"https:\/\/prssu.ch\/prssu\/list-menu-home\/links\/\" \/>\n<meta property=\"og:locale\" content=\"de_DE\" \/>\n<meta property=\"og:type\" content=\"article\" \/>\n<meta property=\"og:title\" content=\"Links - PRSSU\" \/>\n<meta property=\"og:description\" content=\"Wichtige Links zum Schiesswesen (SSV \/ FST \/ Schweiz. Schiesssportverband, BSSV Berner Schiesssportverband, OASSV Oberaargauer Schiesssportverband, proTell, Finger weg vom Schweizer Waffenrecht!) unseren Sponsoren und Beh\u00f6rden.\" \/>\n<meta property=\"og:url\" content=\"https:\/\/prssu.ch\/prssu\/list-menu-home\/links\/\" \/>\n<meta property=\"og:site_name\" content=\"PRSSU\" \/>\n<meta property=\"article:modified_time\" content=\"2025-04-11T16:52:20+00:00\" \/>\n<meta name=\"twitter:card\" content=\"summary_large_image\" \/>\n<meta name=\"twitter:label1\" content=\"Gesch\u00e4tzte Lesezeit\" \/>\n\t<meta name=\"twitter:data1\" content=\"2\u00a0Minuten\" \/>\n<script type=\"application\/ld+json\" class=\"yoast-schema-graph\">{\"@context\":\"https:\\\/\\\/schema.org\",\"@graph\":[{\"@type\":\"WebPage\",\"@id\":\"https:\\\/\\\/prssu.ch\\\/prssu\\\/list-menu-home\\\/links\\\/\",\"url\":\"https:\\\/\\\/prssu.ch\\\/prssu\\\/list-menu-home\\\/links\\\/\",\"name\":\"Links - PRSSU\",\"isPartOf\":{\"@id\":\"https:\\\/\\\/prssu.ch\\\/prssu\\\/#website\"},\"datePublished\":\"2018-01-18T13:04:34+00:00\",\"dateModified\":\"2025-04-11T16:52:20+00:00\",\"description\":\"Wichtige Links zum Schiesswesen (SSV \\\/ FST \\\/ Schweiz. Schiesssportverband, BSSV Berner Schiesssportverband, OASSV Oberaargauer Schiesssportverband, proTell, Finger weg vom Schweizer Waffenrecht!) unseren Sponsoren und Beh\u00f6rden.\",\"breadcrumb\":{\"@id\":\"https:\\\/\\\/prssu.ch\\\/prssu\\\/list-menu-home\\\/links\\\/#breadcrumb\"},\"inLanguage\":\"de\",\"potentialAction\":[{\"@type\":\"ReadAction\",\"target\":[\"https:\\\/\\\/prssu.ch\\\/prssu\\\/list-menu-home\\\/links\\\/\"]}]},{\"@type\":\"BreadcrumbList\",\"@id\":\"https:\\\/\\\/prssu.ch\\\/prssu\\\/list-menu-home\\\/links\\\/#breadcrumb\",\"itemListElement\":[{\"@type\":\"ListItem\",\"position\":1,\"name\":\"Startseite\",\"item\":\"https:\\\/\\\/prssu.ch\\\/prssu\\\/\"},{\"@type\":\"ListItem\",\"position\":2,\"name\":\"Home\",\"item\":\"https:\\\/\\\/prssu.ch\\\/prssu\\\/list-menu-home\\\/\"},{\"@type\":\"ListItem\",\"position\":3,\"name\":\"Links\"}]},{\"@type\":\"WebSite\",\"@id\":\"https:\\\/\\\/prssu.ch\\\/prssu\\\/#website\",\"url\":\"https:\\\/\\\/prssu.ch\\\/prssu\\\/\",\"name\":\"PRSSU\",\"description\":\"Pistolen- und Revolversch\u00fctzen Sch\u00f6nb\u00fchl - Urtenen und Umgebung\",\"publisher\":{\"@id\":\"https:\\\/\\\/prssu.ch\\\/prssu\\\/#organization\"},\"potentialAction\":[{\"@type\":\"SearchAction\",\"target\":{\"@type\":\"EntryPoint\",\"urlTemplate\":\"https:\\\/\\\/prssu.ch\\\/prssu\\\/?s={search_term_string}\"},\"query-input\":{\"@type\":\"PropertyValueSpecification\",\"valueRequired\":true,\"valueName\":\"search_term_string\"}}],\"inLanguage\":\"de\"},{\"@type\":\"Organization\",\"@id\":\"https:\\\/\\\/prssu.ch\\\/prssu\\\/#organization\",\"name\":\"PRSSU\",\"url\":\"https:\\\/\\\/prssu.ch\\\/prssu\\\/\",\"logo\":{\"@type\":\"ImageObject\",\"inLanguage\":\"de\",\"@id\":\"https:\\\/\\\/prssu.ch\\\/prssu\\\/#\\\/schema\\\/logo\\\/image\\\/\",\"url\":\"https:\\\/\\\/prssu.ch\\\/prssu\\\/wp-content\\\/uploads\\\/2017\\\/11\\\/Logo_gross.png\",\"contentUrl\":\"https:\\\/\\\/prssu.ch\\\/prssu\\\/wp-content\\\/uploads\\\/2017\\\/11\\\/Logo_gross.png\",\"width\":531,\"height\":539,\"caption\":\"PRSSU\"},\"image\":{\"@id\":\"https:\\\/\\\/prssu.ch\\\/prssu\\\/#\\\/schema\\\/logo\\\/image\\\/\"}}]}<\/script>\n<!-- \/ Yoast SEO plugin. -->","yoast_head_json":{"title":"Links - PRSSU","description":"Wichtige Links zum Schiesswesen (SSV \/ FST \/ Schweiz. Schiesssportverband, BSSV Berner Schiesssportverband, OASSV Oberaargauer Schiesssportverband, proTell, Finger weg vom Schweizer Waffenrecht!) unseren Sponsoren und Beh\u00f6rden.","robots":{"index":"index","follow":"follow","max-snippet":"max-snippet:-1","max-image-preview":"max-image-preview:large","max-video-preview":"max-video-preview:-1"},"canonical":"https:\/\/prssu.ch\/prssu\/list-menu-home\/links\/","og_locale":"de_DE","og_type":"article","og_title":"Links - PRSSU","og_description":"Wichtige Links zum Schiesswesen (SSV \/ FST \/ Schweiz. Schiesssportverband, BSSV Berner Schiesssportverband, OASSV Oberaargauer Schiesssportverband, proTell, Finger weg vom Schweizer Waffenrecht!) unseren Sponsoren und Beh\u00f6rden.","og_url":"https:\/\/prssu.ch\/prssu\/list-menu-home\/links\/","og_site_name":"PRSSU","article_modified_time":"2025-04-11T16:52:20+00:00","twitter_card":"summary_large_image","twitter_misc":{"Gesch\u00e4tzte Lesezeit":"2\u00a0Minuten"},"schema":{"@context":"https:\/\/schema.org","@graph":[{"@type":"WebPage","@id":"https:\/\/prssu.ch\/prssu\/list-menu-home\/links\/","url":"https:\/\/prssu.ch\/prssu\/list-menu-home\/links\/","name":"Links - PRSSU","isPartOf":{"@id":"https:\/\/prssu.ch\/prssu\/#website"},"datePublished":"2018-01-18T13:04:34+00:00","dateModified":"2025-04-11T16:52:20+00:00","description":"Wichtige Links zum Schiesswesen (SSV \/ FST \/ Schweiz. Schiesssportverband, BSSV Berner Schiesssportverband, OASSV Oberaargauer Schiesssportverband, proTell, Finger weg vom Schweizer Waffenrecht!) unseren Sponsoren und Beh\u00f6rden.","breadcrumb":{"@id":"https:\/\/prssu.ch\/prssu\/list-menu-home\/links\/#breadcrumb"},"inLanguage":"de","potentialAction":[{"@type":"ReadAction","target":["https:\/\/prssu.ch\/prssu\/list-menu-home\/links\/"]}]},{"@type":"BreadcrumbList","@id":"https:\/\/prssu.ch\/prssu\/list-menu-home\/links\/#breadcrumb","itemListElement":[{"@type":"ListItem","position":1,"name":"Startseite","item":"https:\/\/prssu.ch\/prssu\/"},{"@type":"ListItem","position":2,"name":"Home","item":"https:\/\/prssu.ch\/prssu\/list-menu-home\/"},{"@type":"ListItem","position":3,"name":"Links"}]},{"@type":"WebSite","@id":"https:\/\/prssu.ch\/prssu\/#website","url":"https:\/\/prssu.ch\/prssu\/","name":"PRSSU","description":"Pistolen- und Revolversch\u00fctzen Sch\u00f6nb\u00fchl - Urtenen und Umgebung","publisher":{"@id":"https:\/\/prssu.ch\/prssu\/#organization"},"potentialAction":[{"@type":"SearchAction","target":{"@type":"EntryPoint","urlTemplate":"https:\/\/prssu.ch\/prssu\/?s={search_term_string}"},"query-input":{"@type":"PropertyValueSpecification","valueRequired":true,"valueName":"search_term_string"}}],"inLanguage":"de"},{"@type":"Organization","@id":"https:\/\/prssu.ch\/prssu\/#organization","name":"PRSSU","url":"https:\/\/prssu.ch\/prssu\/","logo":{"@type":"ImageObject","inLanguage":"de","@id":"https:\/\/prssu.ch\/prssu\/#\/schema\/logo\/image\/","url":"https:\/\/prssu.ch\/prssu\/wp-content\/uploads\/2017\/11\/Logo_gross.png","contentUrl":"https:\/\/prssu.ch\/prssu\/wp-content\/uploads\/2017\/11\/Logo_gross.png","width":531,"height":539,"caption":"PRSSU"},"image":{"@id":"https:\/\/prssu.ch\/prssu\/#\/schema\/logo\/image\/"}}]}},"_links":{"self":[{"href":"https:\/\/prssu.ch\/prssu\/wp-json\/wp\/v2\/pages\/533","targetHints":{"allow":["GET"]}}],"collection":[{"href":"https:\/\/prssu.ch\/prssu\/wp-json\/wp\/v2\/pages"}],"about":[{"href":"https:\/\/prssu.ch\/prssu\/wp-json\/wp\/v2\/types\/page"}],"author":[{"embeddable":true,"href":"https:\/\/prssu.ch\/prssu\/wp-json\/wp\/v2\/users\/1"}],"replies":[{"embeddable":true,"href":"https:\/\/prssu.ch\/prssu\/wp-json\/wp\/v2\/comments?post=533"}],"version-history":[{"count":15,"href":"https:\/\/prssu.ch\/prssu\/wp-json\/wp\/v2\/pages\/533\/revisions"}],"predecessor-version":[{"id":12439,"href":"https:\/\/prssu.ch\/prssu\/wp-json\/wp\/v2\/pages\/533\/revisions\/12439"}],"up":[{"embeddable":true,"href":"https:\/\/prssu.ch\/prssu\/wp-json\/wp\/v2\/pages\/9900"}],"wp:attachment":[{"href":"https:\/\/prssu.ch\/prssu\/wp-json\/wp\/v2\/media?parent=533"}],"wp:term":[{"taxonomy":"category","embeddable":true,"href":"https:\/\/prssu.ch\/prssu\/wp-json\/wp\/v2\/categories?post=533"},{"taxonomy":"post_tag","embeddable":true,"href":"https:\/\/prssu.ch\/prssu\/wp-json\/wp\/v2\/tags?post=533"}],"curies":[{"name":"wp","href":"https:\/\/api.w.org\/{rel}","templated":true}]}}