{"id":803,"date":"2018-02-27T15:57:26","date_gmt":"2018-02-27T14:57:26","guid":{"rendered":"https:\/\/prssu.ch\/prssu\/?page_id=803"},"modified":"2026-03-03T11:03:42","modified_gmt":"2026-03-03T10:03:42","slug":"dokumente","status":"publish","type":"page","link":"https:\/\/prssu.ch\/prssu\/list-menu-home\/dokumente\/","title":{"rendered":"Dokumente"},"content":{"rendered":"<h2>PRSSU betreffend<\/h2>\n<ul>\n<li><a href=\"https:\/\/prssu.ch\/prssu\/wp-content\/uploads\/files\/PRSSU\/Statuten_PRSSU.pdf\" target=\"_blank\" rel=\"noopener noreferrer\">Statuten der PRSSU<\/a><\/li>\n<li><a href=\"https:\/\/prssu.ch\/prssu\/wp-content\/uploads\/files\/PRSSU\/Interessenten.pdf\" target=\"_blank\" rel=\"noopener noreferrer\">Informationen zu PRSSU<\/a><\/li>\n<li><a href=\"https:\/\/prssu.ch\/prssu\/wp-content\/uploads\/files\/PRSSU\/Merkblatt_Interessenten.pdf\" target=\"_blank\" rel=\"noopener noreferrer\">Merkblatt f\u00fcr Interessenten<\/a><\/li>\n<li><a href=\"https:\/\/prssu.ch\/prssu\/wp-content\/uploads\/files\/PRSSU\/JahresProgramm.pdf\" target=\"_blank\" rel=\"noopener noreferrer\">Jahresprogramm<\/a><\/li>\n<li>Beitrittsgesuch <a href=\"https:\/\/prssu.ch\/prssu\/wp-content\/uploads\/files\/PRSSU\/Beitrittserklaerung.zip\" target=\"_blank\" rel=\"noopener noreferrer\">als MS-Word Formular<\/a> oder <a href=\"https:\/\/prssu.ch\/prssu\/wp-content\/uploads\/files\/PRSSU\/Beitrittserklaerung.pdf\" target=\"_blank\" rel=\"noopener noreferrer\">als PDF-Dokument<\/a>.<\/li>\n<li>Hilfe \/ Anleitung zur <a href=\"https:\/\/prssu.ch\/prssu\/wp-content\/uploads\/files\/PRSSU\/HomepagePRSSU.pdf\" target=\"_blank\" rel=\"noopener noreferrer\">Homepage der Pistolen- und Revolversch\u00fctzen Sch\u00f6nb\u00fchl-Urtenen und Umgebung<\/a>.<\/li>\n<li>Hilfe \/ Anleitung zur <a href=\"https:\/\/prssu.ch\/prssu\/wp-content\/uploads\/files\/PRSSU\/Bildgalerie.pdf\" target=\"_blank\" rel=\"noopener noreferrer\">Bildgalerie<\/a>.<\/li>\n<li>Hilfe \/ Anleitung zum <a href=\"https:\/\/prssu.ch\/prssu\/\/wp-content\/uploads\/files\/PRSSU\/prssu_termine_help.pdf\" target=\"_blank\" rel=\"noopener noreferrer\">Herunterladen und Importieren von PRSSU-Terminen<\/a>.<\/li>\n<li>Hilfe \/ Anleitung zu den <a href=\"https:\/\/prssu.ch\/prssu\/wp-content\/uploads\/files\/PRSSU\/PRSSUInserate.pdf\" target=\"_blank\" rel=\"noopener noreferrer\">Inseraten<\/a>.<\/li>\n<\/ul>\n<h2>Technik \/ allgemeine Hilfe<\/h2>\n<ul>\n<li><a href=\"https:\/\/prssu.ch\/prssu\/wp-content\/uploads\/files\/diverse\/Schiesskommandos_fuer_Pistolen.pdf\" target=\"_blank\" rel=\"noopener noreferrer\">Schiesskommandos f\u00fcr Pistolen (1)<\/a><\/li>\n<li><a href=\"https:\/\/www.fedlex.admin.ch\/eli\/oc\/2011\/897\/de\" target=\"_blank\" rel=\"noopener noreferrer\">Schiesskommandos f\u00fcr Pistolen (2)<\/a><\/li>\n<li><a href=\"https:\/\/prssu.ch\/prssu\/wp-content\/uploads\/files\/diverse\/Schiesstechnik.pdf\" target=\"_blank\" rel=\"noopener noreferrer\">Schiesstechnik<\/a><\/li>\n<li>Merkblatt: <a href=\"https:\/\/prssu.ch\/prssu\/wp-content\/uploads\/files\/diverse\/Merkblatt_Waffenerwerb_bei_Entlassung_BSSV_2011.pdf\" target=\"_blank\" rel=\"noopener noreferrer\">Was muss ich unternehmen und erf\u00fcllen, damit ich meine Armeewaffe bei der Entlassung aus der Milit\u00e4rdienstpflicht behalten kann?<\/a><\/li>\n<li><a href=\"https:\/\/www.police.be.ch\/de\/start\/dienstleistungen\/online-wache\/waffen.html\" target=\"_blank\" rel=\"noopener noreferrer\">Brosch\u00fcre: Schweizerisches Waffenrecht<\/a><\/li>\n<li><a href=\"https:\/\/backend.vtg.admin.ch\/fileservice\/sdweb-docs-prod-vtgch-files\/files\/2024\/04\/15\/8d15a069-34f7-48ea-8f21-4f532f4c808b.pdf\" target=\"_blank\" rel=\"noopener noreferrer\">Verzeichnis der bewilligten Hilfsmittel zu Ordonnanzwaffen und zu den Bundes\u00fcbungen zugelassenen Waffen<\/a>.<\/li>\n<li><a href=\"https:\/\/prssu.ch\/prssu\/wp-content\/uploads\/files\/diverse\/Sicherheitsvorschriften_und_Unfallverhuetung.pdf\" target=\"_blank\" rel=\"noopener noreferrer\">Sicherheitsvorschriften und Unfallverh\u00fctung<\/a><\/li>\n<li><a href=\"https:\/\/prssu.ch\/prssu\/wp-content\/uploads\/files\/diverse\/Wissenswertes_ueber_Sportgeraete_Pistole.pdf\" target=\"_blank\" rel=\"noopener noreferrer\">Wissenswertes \u00fcber Sportger\u00e4te &#8211; Pistole<\/a><\/li>\n<li><a href=\"http:\/\/animagraffs.com\/how-a-handgun-works-1911-45\/\" target=\"_blank\" rel=\"noopener noreferrer\">Funktionsweise der Pistole (Animation)<\/a><\/li>\n<\/ul>\n<h2>Gesetze \/ Verordnungen \/ Reglemente<\/h2>\n<ul>\n<li>VBS: <a href=\"\/prssu\/wp-content\/uploads\/files\/diverse\/UmsetzungNeuesWaffengesetz2019.pdf\" target=\"_blank\" rel=\"noopener noreferrer\">Information zur Inkrafttretung des neuen Waffengesetzes am 15.08.2019<\/a>.<\/li>\n<li>VBS: <a href=\"https:\/\/www.fedlex.admin.ch\/eli\/oc\/2008\/767\/de\" target=\"_blank\" rel=\"noopener noreferrer\">Bundesgesetz \u00fcber Waffen, Waffenzubeh\u00f6r und Munition (Waffengesetz, WG)<\/a>.<\/li>\n<li>VBS: <a href=\"https:\/\/www.fedlex.admin.ch\/eli\/cc\/2008\/767\/de\" target=\"_blank\" rel=\"noopener noreferrer\">Verordnung \u00fcber Waffen, Waffenzubeh\u00f6r und Munition (Waffenverordnung, WV)<\/a>.<\/li>\n<li>VBS: <a href=\"https:\/\/fedlex.data.admin.ch\/filestore\/fedlex.data.admin.ch\/eli\/cc\/2004\/1\/20230101\/de\/pdf-a\/fedlex-data-admin-ch-eli-cc-2004-1-20230101-de-pdf-a.pdf\" target=\"_blank\" rel=\"noopener noreferrer\">Verordnung des VBS \u00fcber das Schiesswesen ausser Dienst (Schiessverordnung des VBS)<\/a>.<\/li>\n<li>SSV: <a href=\"https:\/\/www.swissshooting.ch\/de\/schiesssport\/breitensport\/abteilung-pistole\/\" target=\"_blank\" rel=\"noopener noreferrer\">Regeln f\u00fcr das sportliche Schiessen \/ Zusammenstellung der Dokumente \/ Abteilung Pistole 10\/25\/50m<\/a><\/li>\n<li>SSV: <a href=\"https:\/\/prssu.ch\/prssu\/wp-content\/uploads\/files\/Links\/4_02_01_d_kommandos_ablaeufe_2020_gfo_120320_e1.pdf\" target=\"_blank\" rel=\"noopener noreferrer\">Kommandos und Abl\u00e4ufe der Pistolenwettk\u00e4mpfe<\/a><\/li>\n<li>SSV: <a href=\"https:\/\/www.swissshooting.ch\/media\/inabgyp1\/dok-4044601-d-2022.pdf\" target=\"_blank\" rel=\"noopener noreferrer\">Reglement \u00fcber das Eidgen\u00f6ssische Feldschiessen 300m und 25\/50m<\/a><\/li>\n<li>SSV: <a href=\"https:\/\/prssu.ch\/prssu\/\/wp-content\/uploads\/files\/diverse\/AFB_Schiessen_Jugendliche_2012.pdf\" target=\"_blank\" rel=\"noopener noreferrer\">Ausf\u00fchrungsbestimmungen f\u00fcr das Schiessen von Jugendlichen<\/a><\/li>\n<\/ul>\n<h2>Gesuche \/ Formulare<\/h2>\n<ul>\n<li><a href=\"https:\/\/www.e-service.admin.ch\/crex\/cms\/content\/strafregister\/strafregister_de\/\" target=\"_blank\" rel=\"noopener noreferrer\">Strafregisterauszug<\/a><\/li>\n<li>Kanton Bern: <a href=\"https:\/\/www.police.be.ch\/de\/start\/dienstleistungen\/online-wache\/waffen.html\" target=\"_blank\" rel=\"noopener noreferrer\">Gesuch um Erteilung eines Waffenerwerbsscheins<\/a><\/li>\n<li><a href=\"https:\/\/prssu.ch\/prssu\/\/wp-content\/uploads\/files\/PRSSU\/WaffenVerkaufvertrag_Formular.zip\" target=\"_blank\" rel=\"noopener noreferrer\">Schriftlicher Vertrag f\u00fcr die \u00dcbertragung einer Waffe<\/a><\/li>\n<li>BSSV:&nbsp;<a href=\"https:\/\/www.bssvbe.ch\/media\/zlpdbyfk\/abrechnung_kk_bssv_2022-ezs-mit-qr-code-1.xls\" target=\"_blank\" rel=\"noopener noreferrer\">Abrechnung der Kranzkarten<\/a><\/li>\n<\/ul>\n","protected":false},"excerpt":{"rendered":"<p>PRSSU betreffend Statuten der PRSSU Informationen zu PRSSU Merkblatt f\u00fcr Interessenten Jahresprogramm Beitrittsgesuch als MS-Word Formular oder als PDF-Dokument. Hilfe \/ Anleitung zur Homepage der Pistolen- und Revolversch\u00fctzen Sch\u00f6nb\u00fchl-Urtenen und Umgebung. Hilfe \/ Anleitung zur Bildgalerie. Hilfe \/ Anleitung zum Herunterladen und Importieren von PRSSU-Terminen. Hilfe \/ Anleitung zu den Inseraten. Technik \/ allgemeine Hilfe [&hellip;]<\/p>\n","protected":false},"author":1,"featured_media":0,"parent":9900,"menu_order":0,"comment_status":"closed","ping_status":"closed","template":"","meta":{"ngg_post_thumbnail":0,"footnotes":""},"categories":[1],"tags":[],"class_list":["post-803","page","type-page","status-publish","hentry","category-allgemein"],"yoast_head":"<!-- This site is optimized with the Yoast SEO plugin v27.4 - https:\/\/yoast.com\/product\/yoast-seo-wordpress\/ -->\n<title>Dokumente - PRSSU<\/title>\n<meta name=\"description\" content=\"Zusammenstellung von Dokumenten und wichtigen Links der Pistolen- und Revolversch\u00fctzen Sch\u00f6nb\u00fchl-Urtenen und Umgebung.\" \/>\n<meta name=\"robots\" content=\"index, follow, max-snippet:-1, max-image-preview:large, max-video-preview:-1\" \/>\n<link rel=\"canonical\" href=\"https:\/\/prssu.ch\/prssu\/list-menu-home\/dokumente\/\" \/>\n<meta property=\"og:locale\" content=\"de_DE\" \/>\n<meta property=\"og:type\" content=\"article\" \/>\n<meta property=\"og:title\" content=\"Dokumente - PRSSU\" \/>\n<meta property=\"og:description\" content=\"Zusammenstellung von Dokumenten und wichtigen Links der Pistolen- und Revolversch\u00fctzen Sch\u00f6nb\u00fchl-Urtenen und Umgebung.\" \/>\n<meta property=\"og:url\" content=\"https:\/\/prssu.ch\/prssu\/list-menu-home\/dokumente\/\" \/>\n<meta property=\"og:site_name\" content=\"PRSSU\" \/>\n<meta property=\"article:modified_time\" content=\"2026-03-03T10:03:42+00:00\" \/>\n<meta name=\"twitter:card\" content=\"summary_large_image\" \/>\n<meta name=\"twitter:label1\" content=\"Gesch\u00e4tzte Lesezeit\" \/>\n\t<meta name=\"twitter:data1\" content=\"2\u00a0Minuten\" \/>\n<script type=\"application\/ld+json\" class=\"yoast-schema-graph\">{\"@context\":\"https:\\\/\\\/schema.org\",\"@graph\":[{\"@type\":\"WebPage\",\"@id\":\"https:\\\/\\\/prssu.ch\\\/prssu\\\/list-menu-home\\\/dokumente\\\/\",\"url\":\"https:\\\/\\\/prssu.ch\\\/prssu\\\/list-menu-home\\\/dokumente\\\/\",\"name\":\"Dokumente - PRSSU\",\"isPartOf\":{\"@id\":\"https:\\\/\\\/prssu.ch\\\/prssu\\\/#website\"},\"datePublished\":\"2018-02-27T14:57:26+00:00\",\"dateModified\":\"2026-03-03T10:03:42+00:00\",\"description\":\"Zusammenstellung von Dokumenten und wichtigen Links der Pistolen- und Revolversch\u00fctzen Sch\u00f6nb\u00fchl-Urtenen und Umgebung.\",\"breadcrumb\":{\"@id\":\"https:\\\/\\\/prssu.ch\\\/prssu\\\/list-menu-home\\\/dokumente\\\/#breadcrumb\"},\"inLanguage\":\"de\",\"potentialAction\":[{\"@type\":\"ReadAction\",\"target\":[\"https:\\\/\\\/prssu.ch\\\/prssu\\\/list-menu-home\\\/dokumente\\\/\"]}]},{\"@type\":\"BreadcrumbList\",\"@id\":\"https:\\\/\\\/prssu.ch\\\/prssu\\\/list-menu-home\\\/dokumente\\\/#breadcrumb\",\"itemListElement\":[{\"@type\":\"ListItem\",\"position\":1,\"name\":\"Startseite\",\"item\":\"https:\\\/\\\/prssu.ch\\\/prssu\\\/\"},{\"@type\":\"ListItem\",\"position\":2,\"name\":\"Home\",\"item\":\"https:\\\/\\\/prssu.ch\\\/prssu\\\/list-menu-home\\\/\"},{\"@type\":\"ListItem\",\"position\":3,\"name\":\"Dokumente\"}]},{\"@type\":\"WebSite\",\"@id\":\"https:\\\/\\\/prssu.ch\\\/prssu\\\/#website\",\"url\":\"https:\\\/\\\/prssu.ch\\\/prssu\\\/\",\"name\":\"PRSSU\",\"description\":\"Pistolen- und Revolversch\u00fctzen Sch\u00f6nb\u00fchl - Urtenen und Umgebung\",\"publisher\":{\"@id\":\"https:\\\/\\\/prssu.ch\\\/prssu\\\/#organization\"},\"potentialAction\":[{\"@type\":\"SearchAction\",\"target\":{\"@type\":\"EntryPoint\",\"urlTemplate\":\"https:\\\/\\\/prssu.ch\\\/prssu\\\/?s={search_term_string}\"},\"query-input\":{\"@type\":\"PropertyValueSpecification\",\"valueRequired\":true,\"valueName\":\"search_term_string\"}}],\"inLanguage\":\"de\"},{\"@type\":\"Organization\",\"@id\":\"https:\\\/\\\/prssu.ch\\\/prssu\\\/#organization\",\"name\":\"PRSSU\",\"url\":\"https:\\\/\\\/prssu.ch\\\/prssu\\\/\",\"logo\":{\"@type\":\"ImageObject\",\"inLanguage\":\"de\",\"@id\":\"https:\\\/\\\/prssu.ch\\\/prssu\\\/#\\\/schema\\\/logo\\\/image\\\/\",\"url\":\"https:\\\/\\\/prssu.ch\\\/prssu\\\/wp-content\\\/uploads\\\/2017\\\/11\\\/Logo_gross.png\",\"contentUrl\":\"https:\\\/\\\/prssu.ch\\\/prssu\\\/wp-content\\\/uploads\\\/2017\\\/11\\\/Logo_gross.png\",\"width\":531,\"height\":539,\"caption\":\"PRSSU\"},\"image\":{\"@id\":\"https:\\\/\\\/prssu.ch\\\/prssu\\\/#\\\/schema\\\/logo\\\/image\\\/\"}}]}<\/script>\n<!-- \/ Yoast SEO plugin. -->","yoast_head_json":{"title":"Dokumente - PRSSU","description":"Zusammenstellung von Dokumenten und wichtigen Links der Pistolen- und Revolversch\u00fctzen Sch\u00f6nb\u00fchl-Urtenen und Umgebung.","robots":{"index":"index","follow":"follow","max-snippet":"max-snippet:-1","max-image-preview":"max-image-preview:large","max-video-preview":"max-video-preview:-1"},"canonical":"https:\/\/prssu.ch\/prssu\/list-menu-home\/dokumente\/","og_locale":"de_DE","og_type":"article","og_title":"Dokumente - PRSSU","og_description":"Zusammenstellung von Dokumenten und wichtigen Links der Pistolen- und Revolversch\u00fctzen Sch\u00f6nb\u00fchl-Urtenen und Umgebung.","og_url":"https:\/\/prssu.ch\/prssu\/list-menu-home\/dokumente\/","og_site_name":"PRSSU","article_modified_time":"2026-03-03T10:03:42+00:00","twitter_card":"summary_large_image","twitter_misc":{"Gesch\u00e4tzte Lesezeit":"2\u00a0Minuten"},"schema":{"@context":"https:\/\/schema.org","@graph":[{"@type":"WebPage","@id":"https:\/\/prssu.ch\/prssu\/list-menu-home\/dokumente\/","url":"https:\/\/prssu.ch\/prssu\/list-menu-home\/dokumente\/","name":"Dokumente - PRSSU","isPartOf":{"@id":"https:\/\/prssu.ch\/prssu\/#website"},"datePublished":"2018-02-27T14:57:26+00:00","dateModified":"2026-03-03T10:03:42+00:00","description":"Zusammenstellung von Dokumenten und wichtigen Links der Pistolen- und Revolversch\u00fctzen Sch\u00f6nb\u00fchl-Urtenen und Umgebung.","breadcrumb":{"@id":"https:\/\/prssu.ch\/prssu\/list-menu-home\/dokumente\/#breadcrumb"},"inLanguage":"de","potentialAction":[{"@type":"ReadAction","target":["https:\/\/prssu.ch\/prssu\/list-menu-home\/dokumente\/"]}]},{"@type":"BreadcrumbList","@id":"https:\/\/prssu.ch\/prssu\/list-menu-home\/dokumente\/#breadcrumb","itemListElement":[{"@type":"ListItem","position":1,"name":"Startseite","item":"https:\/\/prssu.ch\/prssu\/"},{"@type":"ListItem","position":2,"name":"Home","item":"https:\/\/prssu.ch\/prssu\/list-menu-home\/"},{"@type":"ListItem","position":3,"name":"Dokumente"}]},{"@type":"WebSite","@id":"https:\/\/prssu.ch\/prssu\/#website","url":"https:\/\/prssu.ch\/prssu\/","name":"PRSSU","description":"Pistolen- und Revolversch\u00fctzen Sch\u00f6nb\u00fchl - Urtenen und Umgebung","publisher":{"@id":"https:\/\/prssu.ch\/prssu\/#organization"},"potentialAction":[{"@type":"SearchAction","target":{"@type":"EntryPoint","urlTemplate":"https:\/\/prssu.ch\/prssu\/?s={search_term_string}"},"query-input":{"@type":"PropertyValueSpecification","valueRequired":true,"valueName":"search_term_string"}}],"inLanguage":"de"},{"@type":"Organization","@id":"https:\/\/prssu.ch\/prssu\/#organization","name":"PRSSU","url":"https:\/\/prssu.ch\/prssu\/","logo":{"@type":"ImageObject","inLanguage":"de","@id":"https:\/\/prssu.ch\/prssu\/#\/schema\/logo\/image\/","url":"https:\/\/prssu.ch\/prssu\/wp-content\/uploads\/2017\/11\/Logo_gross.png","contentUrl":"https:\/\/prssu.ch\/prssu\/wp-content\/uploads\/2017\/11\/Logo_gross.png","width":531,"height":539,"caption":"PRSSU"},"image":{"@id":"https:\/\/prssu.ch\/prssu\/#\/schema\/logo\/image\/"}}]}},"_links":{"self":[{"href":"https:\/\/prssu.ch\/prssu\/wp-json\/wp\/v2\/pages\/803","targetHints":{"allow":["GET"]}}],"collection":[{"href":"https:\/\/prssu.ch\/prssu\/wp-json\/wp\/v2\/pages"}],"about":[{"href":"https:\/\/prssu.ch\/prssu\/wp-json\/wp\/v2\/types\/page"}],"author":[{"embeddable":true,"href":"https:\/\/prssu.ch\/prssu\/wp-json\/wp\/v2\/users\/1"}],"replies":[{"embeddable":true,"href":"https:\/\/prssu.ch\/prssu\/wp-json\/wp\/v2\/comments?post=803"}],"version-history":[{"count":62,"href":"https:\/\/prssu.ch\/prssu\/wp-json\/wp\/v2\/pages\/803\/revisions"}],"predecessor-version":[{"id":13346,"href":"https:\/\/prssu.ch\/prssu\/wp-json\/wp\/v2\/pages\/803\/revisions\/13346"}],"up":[{"embeddable":true,"href":"https:\/\/prssu.ch\/prssu\/wp-json\/wp\/v2\/pages\/9900"}],"wp:attachment":[{"href":"https:\/\/prssu.ch\/prssu\/wp-json\/wp\/v2\/media?parent=803"}],"wp:term":[{"taxonomy":"category","embeddable":true,"href":"https:\/\/prssu.ch\/prssu\/wp-json\/wp\/v2\/categories?post=803"},{"taxonomy":"post_tag","embeddable":true,"href":"https:\/\/prssu.ch\/prssu\/wp-json\/wp\/v2\/tags?post=803"}],"curies":[{"name":"wp","href":"https:\/\/api.w.org\/{rel}","templated":true}]}}