{"id":824,"date":"2018-02-27T16:21:15","date_gmt":"2018-02-27T15:21:15","guid":{"rendered":"https:\/\/prssu.ch\/prssu\/?page_id=824"},"modified":"2026-03-04T14:32:43","modified_gmt":"2026-03-04T13:32:43","slug":"waffenerwerb","status":"publish","type":"page","link":"https:\/\/prssu.ch\/prssu\/list-menu-home\/waffenerwerb\/","title":{"rendered":"Waffenerwerb"},"content":{"rendered":"<p>Beim <a href=\"https:\/\/www.fedpol.admin.ch\/de\/als-privatperson-eine-waffe-erwerben\" target=\"_blank\" rel=\"noopener noreferrer\">Bundesamt f\u00fcr Polizei<\/a> findet man folgendes:<\/p>\n<p><strong>Welches sind die Voraussetzungen f\u00fcr den Erwerb von Waffen?<\/strong><br \/>\n Die Person, die eine Waffe erwerben will, muss mindestens 18 Jahre alt sein und darf nicht entm\u00fcndigt sein. Ferner darf sie nicht zur Annahme Anlass geben, dass sie sich selbst oder Dritte mit der Waffe gef\u00e4hrdet. Dies wird beispielsweise dann angenommen, wenn jemand an einer Suchtkrankheit leidet oder bereits jemanden mit einer Waffe bedroht hat. Weiter darf die Person, die eine Waffe erwerben will, nicht wegen gewaltt\u00e4tiger oder gemeingef\u00e4hrlicher Handlung (beispielsweise Vorstrafen wegen vors\u00e4tzlicher K\u00f6rperverletzung) oder wegen mehrfacher Eintr\u00e4ge im Strafregister, bei denen das Strafmass nicht nur Busse betr\u00e4gt, im Strafregister eingetragen sein.<\/p>\n<p><strong>Sind die Voraussetzungen f\u00fcr den Erwerb von Waffen f\u00fcr Schweizer gleich wie f\u00fcr Ausl\u00e4nder?<\/strong><\/p>\n<ul>\n<li>Staatsangeh\u00f6rigen aus folgenden Staaten ist der Erwerb von Waffen grunds\u00e4tzlich verboten: Serbien, Kroatien, Bosnien und Herzegowina, Kosovo, Montenegro, Mazedonien, T\u00fcrkei, Sri Lanka, Algerien und Albanien.<\/li>\n<li>F\u00fcr ausl\u00e4ndische Staatsangeh\u00f6rige ist es wesentlich, ob sie in der Schweiz eine Niederlassungsbewilligung besitzen und aus welchen Staaten sie stammen. F\u00fcr Personen, die eine Niederlassungsbewilligung besitzen und nicht aus jenen Staaten stammen, die unter dem ersten Punkt aufgef\u00fchrt sind, gelten die gleichen Erwerbsvoraussetzungen wie f\u00fcr Schweizer.<\/li>\n<li>Ausl\u00e4nder, die keine Niederlassungsbewilligung besitzen, ben\u00f6tigen auch f\u00fcr den Erwerb von Jagd- und Sportwaffen, die grunds\u00e4tzlich von der Waffenerwerbsscheinpflicht befreit sind, einen Waffenerwerbsschein. Zus\u00e4tzlich ben\u00f6tigen sie eine amtliche Best\u00e4tigung des Heimat- bzw. Wohnsitzstaates (wenn der Wohnsitz im Ausland ist), die best\u00e4tigt, dass sie dort zum Erwerb des betreffenden Gegenstandes berechtigt sind.<\/li>\n<\/ul>\n<p><strong>Wie werden Waffen erworben?<\/strong><\/p>\n<ul>\n<li>Soll eine Jagd- und Sportwaffe, die nicht der Waffenerwerbsscheinpflicht unterliegt, erworben werden und sind nach Meinung des Gesuchstellers die allgemeinen Voraussetzungen f\u00fcr den Erwerb erf\u00fcllt, so ist das Formular &#8220;schriftlicher Vertrag&#8221; auszuf\u00fcllen. Der schriftliche Vertrag ist vom Erwerber und dem Ver\u00e4usserer w\u00e4hrend mindestens 10 Jahren aufzubewahren. Die \u00fcbertragende Person hat eine Kopie davon ans kantonale Waffenb\u00fcro zu schicken.<\/li>\n<li>Soll eine bewilligungspflichtige Waffe (bspw. eine Pistole) erworben werden, ist ein Gesuch f\u00fcr einen <a href=\"https:\/\/www.police.be.ch\/de\/start\/dienstleistungen\/online-wache\/waffen.html\" target=\"_blank\" rel=\"noopener noreferrer\">Waffenerwerbsschein <\/a>auszuf\u00fcllen und mit den darin aufgef\u00fchrten Beilagen beim zust\u00e4ndigen kantonalen Waffenb\u00fcro kantonalen Waffenb\u00fcro (Kantonspolizei Bern, Fachbereich Waffen, Sprengstoff und Gewerbe, Postfach 7571, 3001 Bern, Tel. 031 634 73 81, Fax 031 634 73 99) einzureichen. In der Folge erh\u00e4lt die gesuchstellende Person den Waffenerwerbsschein, mit dem sie die betreffende Waffe erwerben kann.<\/li>\n<li>Soll eine verbotene Waffe, zum Beispiel eine Seriefeuerwaffe, erworben werden, ist eine kantonale Ausnahmebewilligung des Waffenb\u00fcros im Wohnsitzkanton erforderlich. Nur wenn \u201eachtenswerte Gr\u00fcnde\u201c wie bspw. berufliche Erfordernisse vorliegen, wird eine entsprechende kantonale Ausnahmebewilligung erteilt.<\/li>\n<\/ul>\n","protected":false},"excerpt":{"rendered":"<p>Beim Bundesamt f\u00fcr Polizei findet man folgendes: Welches sind die Voraussetzungen f\u00fcr den Erwerb von Waffen? Die Person, die eine Waffe erwerben will, muss mindestens 18 Jahre alt sein und darf nicht entm\u00fcndigt sein. Ferner darf sie nicht zur Annahme Anlass geben, dass sie sich selbst oder Dritte mit der Waffe gef\u00e4hrdet. Dies wird beispielsweise [&hellip;]<\/p>\n","protected":false},"author":1,"featured_media":0,"parent":9900,"menu_order":0,"comment_status":"closed","ping_status":"closed","template":"","meta":{"ngg_post_thumbnail":0,"footnotes":""},"categories":[1],"tags":[105],"class_list":["post-824","page","type-page","status-publish","hentry","category-allgemein","tag-waffenerwerb"],"yoast_head":"<!-- This site is optimized with the Yoast SEO plugin v27.4 - https:\/\/yoast.com\/product\/yoast-seo-wordpress\/ -->\n<title>Waffenerwerb - PRSSU<\/title>\n<meta name=\"description\" content=\"Was muss ich unternehmen, um eine Waffe in der Schweiz erwerben zu k\u00f6nnen? Wer darf eine Waffe kaufen? Wo finde ich die n\u00f6tigen Formulare f\u00fcr den Waffenerwerb? Diese Fragen werden auf dieser Seite beantwortet.\" \/>\n<meta name=\"robots\" content=\"index, follow, max-snippet:-1, max-image-preview:large, max-video-preview:-1\" \/>\n<link rel=\"canonical\" href=\"https:\/\/prssu.ch\/prssu\/list-menu-home\/waffenerwerb\/\" \/>\n<meta property=\"og:locale\" content=\"de_DE\" \/>\n<meta property=\"og:type\" content=\"article\" \/>\n<meta property=\"og:title\" content=\"Waffenerwerb - PRSSU\" \/>\n<meta property=\"og:description\" content=\"Was muss ich unternehmen, um eine Waffe in der Schweiz erwerben zu k\u00f6nnen? Wer darf eine Waffe kaufen? Wo finde ich die n\u00f6tigen Formulare f\u00fcr den Waffenerwerb? Diese Fragen werden auf dieser Seite beantwortet.\" \/>\n<meta property=\"og:url\" content=\"https:\/\/prssu.ch\/prssu\/list-menu-home\/waffenerwerb\/\" \/>\n<meta property=\"og:site_name\" content=\"PRSSU\" \/>\n<meta property=\"article:modified_time\" content=\"2026-03-04T13:32:43+00:00\" \/>\n<meta name=\"twitter:card\" content=\"summary_large_image\" \/>\n<meta name=\"twitter:label1\" content=\"Gesch\u00e4tzte Lesezeit\" \/>\n\t<meta name=\"twitter:data1\" content=\"2\u00a0Minuten\" \/>\n<script type=\"application\/ld+json\" class=\"yoast-schema-graph\">{\"@context\":\"https:\\\/\\\/schema.org\",\"@graph\":[{\"@type\":\"WebPage\",\"@id\":\"https:\\\/\\\/prssu.ch\\\/prssu\\\/list-menu-home\\\/waffenerwerb\\\/\",\"url\":\"https:\\\/\\\/prssu.ch\\\/prssu\\\/list-menu-home\\\/waffenerwerb\\\/\",\"name\":\"Waffenerwerb - PRSSU\",\"isPartOf\":{\"@id\":\"https:\\\/\\\/prssu.ch\\\/prssu\\\/#website\"},\"datePublished\":\"2018-02-27T15:21:15+00:00\",\"dateModified\":\"2026-03-04T13:32:43+00:00\",\"description\":\"Was muss ich unternehmen, um eine Waffe in der Schweiz erwerben zu k\u00f6nnen? Wer darf eine Waffe kaufen? Wo finde ich die n\u00f6tigen Formulare f\u00fcr den Waffenerwerb? Diese Fragen werden auf dieser Seite beantwortet.\",\"breadcrumb\":{\"@id\":\"https:\\\/\\\/prssu.ch\\\/prssu\\\/list-menu-home\\\/waffenerwerb\\\/#breadcrumb\"},\"inLanguage\":\"de\",\"potentialAction\":[{\"@type\":\"ReadAction\",\"target\":[\"https:\\\/\\\/prssu.ch\\\/prssu\\\/list-menu-home\\\/waffenerwerb\\\/\"]}]},{\"@type\":\"BreadcrumbList\",\"@id\":\"https:\\\/\\\/prssu.ch\\\/prssu\\\/list-menu-home\\\/waffenerwerb\\\/#breadcrumb\",\"itemListElement\":[{\"@type\":\"ListItem\",\"position\":1,\"name\":\"Startseite\",\"item\":\"https:\\\/\\\/prssu.ch\\\/prssu\\\/\"},{\"@type\":\"ListItem\",\"position\":2,\"name\":\"Home\",\"item\":\"https:\\\/\\\/prssu.ch\\\/prssu\\\/list-menu-home\\\/\"},{\"@type\":\"ListItem\",\"position\":3,\"name\":\"Waffenerwerb\"}]},{\"@type\":\"WebSite\",\"@id\":\"https:\\\/\\\/prssu.ch\\\/prssu\\\/#website\",\"url\":\"https:\\\/\\\/prssu.ch\\\/prssu\\\/\",\"name\":\"PRSSU\",\"description\":\"Pistolen- und Revolversch\u00fctzen Sch\u00f6nb\u00fchl - Urtenen und Umgebung\",\"publisher\":{\"@id\":\"https:\\\/\\\/prssu.ch\\\/prssu\\\/#organization\"},\"potentialAction\":[{\"@type\":\"SearchAction\",\"target\":{\"@type\":\"EntryPoint\",\"urlTemplate\":\"https:\\\/\\\/prssu.ch\\\/prssu\\\/?s={search_term_string}\"},\"query-input\":{\"@type\":\"PropertyValueSpecification\",\"valueRequired\":true,\"valueName\":\"search_term_string\"}}],\"inLanguage\":\"de\"},{\"@type\":\"Organization\",\"@id\":\"https:\\\/\\\/prssu.ch\\\/prssu\\\/#organization\",\"name\":\"PRSSU\",\"url\":\"https:\\\/\\\/prssu.ch\\\/prssu\\\/\",\"logo\":{\"@type\":\"ImageObject\",\"inLanguage\":\"de\",\"@id\":\"https:\\\/\\\/prssu.ch\\\/prssu\\\/#\\\/schema\\\/logo\\\/image\\\/\",\"url\":\"https:\\\/\\\/prssu.ch\\\/prssu\\\/wp-content\\\/uploads\\\/2017\\\/11\\\/Logo_gross.png\",\"contentUrl\":\"https:\\\/\\\/prssu.ch\\\/prssu\\\/wp-content\\\/uploads\\\/2017\\\/11\\\/Logo_gross.png\",\"width\":531,\"height\":539,\"caption\":\"PRSSU\"},\"image\":{\"@id\":\"https:\\\/\\\/prssu.ch\\\/prssu\\\/#\\\/schema\\\/logo\\\/image\\\/\"}}]}<\/script>\n<!-- \/ Yoast SEO plugin. -->","yoast_head_json":{"title":"Waffenerwerb - PRSSU","description":"Was muss ich unternehmen, um eine Waffe in der Schweiz erwerben zu k\u00f6nnen? Wer darf eine Waffe kaufen? Wo finde ich die n\u00f6tigen Formulare f\u00fcr den Waffenerwerb? Diese Fragen werden auf dieser Seite beantwortet.","robots":{"index":"index","follow":"follow","max-snippet":"max-snippet:-1","max-image-preview":"max-image-preview:large","max-video-preview":"max-video-preview:-1"},"canonical":"https:\/\/prssu.ch\/prssu\/list-menu-home\/waffenerwerb\/","og_locale":"de_DE","og_type":"article","og_title":"Waffenerwerb - PRSSU","og_description":"Was muss ich unternehmen, um eine Waffe in der Schweiz erwerben zu k\u00f6nnen? Wer darf eine Waffe kaufen? Wo finde ich die n\u00f6tigen Formulare f\u00fcr den Waffenerwerb? Diese Fragen werden auf dieser Seite beantwortet.","og_url":"https:\/\/prssu.ch\/prssu\/list-menu-home\/waffenerwerb\/","og_site_name":"PRSSU","article_modified_time":"2026-03-04T13:32:43+00:00","twitter_card":"summary_large_image","twitter_misc":{"Gesch\u00e4tzte Lesezeit":"2\u00a0Minuten"},"schema":{"@context":"https:\/\/schema.org","@graph":[{"@type":"WebPage","@id":"https:\/\/prssu.ch\/prssu\/list-menu-home\/waffenerwerb\/","url":"https:\/\/prssu.ch\/prssu\/list-menu-home\/waffenerwerb\/","name":"Waffenerwerb - PRSSU","isPartOf":{"@id":"https:\/\/prssu.ch\/prssu\/#website"},"datePublished":"2018-02-27T15:21:15+00:00","dateModified":"2026-03-04T13:32:43+00:00","description":"Was muss ich unternehmen, um eine Waffe in der Schweiz erwerben zu k\u00f6nnen? Wer darf eine Waffe kaufen? Wo finde ich die n\u00f6tigen Formulare f\u00fcr den Waffenerwerb? Diese Fragen werden auf dieser Seite beantwortet.","breadcrumb":{"@id":"https:\/\/prssu.ch\/prssu\/list-menu-home\/waffenerwerb\/#breadcrumb"},"inLanguage":"de","potentialAction":[{"@type":"ReadAction","target":["https:\/\/prssu.ch\/prssu\/list-menu-home\/waffenerwerb\/"]}]},{"@type":"BreadcrumbList","@id":"https:\/\/prssu.ch\/prssu\/list-menu-home\/waffenerwerb\/#breadcrumb","itemListElement":[{"@type":"ListItem","position":1,"name":"Startseite","item":"https:\/\/prssu.ch\/prssu\/"},{"@type":"ListItem","position":2,"name":"Home","item":"https:\/\/prssu.ch\/prssu\/list-menu-home\/"},{"@type":"ListItem","position":3,"name":"Waffenerwerb"}]},{"@type":"WebSite","@id":"https:\/\/prssu.ch\/prssu\/#website","url":"https:\/\/prssu.ch\/prssu\/","name":"PRSSU","description":"Pistolen- und Revolversch\u00fctzen Sch\u00f6nb\u00fchl - Urtenen und Umgebung","publisher":{"@id":"https:\/\/prssu.ch\/prssu\/#organization"},"potentialAction":[{"@type":"SearchAction","target":{"@type":"EntryPoint","urlTemplate":"https:\/\/prssu.ch\/prssu\/?s={search_term_string}"},"query-input":{"@type":"PropertyValueSpecification","valueRequired":true,"valueName":"search_term_string"}}],"inLanguage":"de"},{"@type":"Organization","@id":"https:\/\/prssu.ch\/prssu\/#organization","name":"PRSSU","url":"https:\/\/prssu.ch\/prssu\/","logo":{"@type":"ImageObject","inLanguage":"de","@id":"https:\/\/prssu.ch\/prssu\/#\/schema\/logo\/image\/","url":"https:\/\/prssu.ch\/prssu\/wp-content\/uploads\/2017\/11\/Logo_gross.png","contentUrl":"https:\/\/prssu.ch\/prssu\/wp-content\/uploads\/2017\/11\/Logo_gross.png","width":531,"height":539,"caption":"PRSSU"},"image":{"@id":"https:\/\/prssu.ch\/prssu\/#\/schema\/logo\/image\/"}}]}},"_links":{"self":[{"href":"https:\/\/prssu.ch\/prssu\/wp-json\/wp\/v2\/pages\/824","targetHints":{"allow":["GET"]}}],"collection":[{"href":"https:\/\/prssu.ch\/prssu\/wp-json\/wp\/v2\/pages"}],"about":[{"href":"https:\/\/prssu.ch\/prssu\/wp-json\/wp\/v2\/types\/page"}],"author":[{"embeddable":true,"href":"https:\/\/prssu.ch\/prssu\/wp-json\/wp\/v2\/users\/1"}],"replies":[{"embeddable":true,"href":"https:\/\/prssu.ch\/prssu\/wp-json\/wp\/v2\/comments?post=824"}],"version-history":[{"count":7,"href":"https:\/\/prssu.ch\/prssu\/wp-json\/wp\/v2\/pages\/824\/revisions"}],"predecessor-version":[{"id":13347,"href":"https:\/\/prssu.ch\/prssu\/wp-json\/wp\/v2\/pages\/824\/revisions\/13347"}],"up":[{"embeddable":true,"href":"https:\/\/prssu.ch\/prssu\/wp-json\/wp\/v2\/pages\/9900"}],"wp:attachment":[{"href":"https:\/\/prssu.ch\/prssu\/wp-json\/wp\/v2\/media?parent=824"}],"wp:term":[{"taxonomy":"category","embeddable":true,"href":"https:\/\/prssu.ch\/prssu\/wp-json\/wp\/v2\/categories?post=824"},{"taxonomy":"post_tag","embeddable":true,"href":"https:\/\/prssu.ch\/prssu\/wp-json\/wp\/v2\/tags?post=824"}],"curies":[{"name":"wp","href":"https:\/\/api.w.org\/{rel}","templated":true}]}}